{"id":319,"date":"2019-01-05T13:34:48","date_gmt":"2019-01-05T12:34:48","guid":{"rendered":"https:\/\/www.wiredcpa.com\/?page_id=319"},"modified":"2020-12-10T14:59:38","modified_gmt":"2020-12-10T13:59:38","slug":"wired-sports-2","status":"publish","type":"page","link":"https:\/\/www.wiredcpa.com\/fr\/wired-sports-2\/","title":{"rendered":"WiSports"},"content":{"rendered":"<p>[vc_row bg_image=&#8221;339&#8243; parallax_bg=&#8221;true&#8221; bg_color=&#8221;#f9f9f9&#8243; top_padding=&#8221;100&#8243; bottom_padding=&#8221;100&#8243;][vc_column width=&#8221;1\/1&#8243;]<h1 class=\"headline font-inherit fontsize-xxxxxl fontweight-700 lh-13 align-left transform-inherit coversport\" style=\"margin: 0 0 40px 0; color: #d39a4f;\">L&#8217;offre de services<br \/>\nWiSports<\/h1><div class=\"headline font-special fontsize-l fontweight-400 lh-inherit align-left transform-inherit \" style=\"margin: 0; color: #ffffff;\">En collaboration avec vos conseils<\/div>[\/vc_column][\/vc_row][vc_row type=&#8221;full_width_section&#8221;][vc_column bg_color=&#8221;#f9f9f9&#8243; column_padding=&#8221;padding-7&#8243; width=&#8221;1\/3&#8243;]<h2 class=\"headline font-special fontsize-m fontweight-700 lh-inherit align-left transform-uppercase \" style=\"margin: 0 0 0 0; color: #000000;\">Pr\u00e9ambule<\/h2><div class=\"divider divider5\" style='margin:10px 0 25px 0 !important;'><\/div>[vc_column_text]<\/p>\n<ul>\n<li>Analyse de votre projet<\/li>\n<li>Analyse des revenus des activit\u00e9s sportives en France et \u00e0 l\u2019\u00e9tranger<\/li>\n<li>Recommandations<\/li>\n<\/ul>\n<p>[\/vc_column_text][\/vc_column][vc_column bg_image=&#8221;15109&#8243; column_padding=&#8221;padding-7&#8243; width=&#8221;1\/3&#8243;]<h2 class=\"headline font-special fontsize-m fontweight-700 lh-inherit align-left transform-uppercase \" style=\"margin: 0 0 0 0; color: #222222;\">Set-up BNC<\/h2><div class=\"divider divider5\" style='margin:10px 0 25px 0 !important;'><\/div>[vc_column_text]<\/p>\n<ul>\n<li>Cr\u00e9ation de l\u2019activit\u00e9 BNC<\/li>\n<li>Gestion comptable et fiscale de l\u2019activit\u00e9 BNC<\/li>\n<\/ul>\n<p>[\/vc_column_text][\/vc_column][vc_column bg_color=&#8221;#222222&#8243; column_padding=&#8221;padding-7&#8243; width=&#8221;1\/3&#8243;]<h2 class=\"headline font-special fontsize-m fontweight-700 lh-inherit align-left transform-uppercase \" style=\"margin: 0 0 0 0; color: #ffffff;\">Set-up soci\u00e9t\u00e9<\/h2><div class=\"divider divider5\" style='margin:10px 0 25px 0 !important;'><\/div>[vc_column_text]<\/p>\n<ul>\n<li><span style=\"color: #ffffff;\">Montage :<\/span><br \/>\n<span style=\"color: #ffffff;\">\u00ab\u00a0rent a star system\u00a0\u00bb<\/span><\/li>\n<li><span style=\"color: #ffffff;\">Cr\u00e9ation d\u2019une structure commerciale ad hoc<\/span><br \/>\n<span style=\"color: #ffffff;\">(ex\u00a0: soci\u00e9t\u00e9 d\u2019image)<\/span><\/li>\n<\/ul>\n<p>[\/vc_column_text][\/vc_column][\/vc_row][vc_row type=&#8221;full_width_section&#8221;][vc_column bg_color=&#8221;#ffffff&#8221; column_padding=&#8221;padding-7&#8243; width=&#8221;1\/3&#8243;]<h2 class=\"headline font-special fontsize-m fontweight-700 lh-inherit align-left transform-uppercase \" style=\"margin: 0 0 0 0; color: #000000;\">Pack Fondation<\/h2><div class=\"divider divider5\" style='margin:10px 0 25px 0 !important;'><\/div>[vc_column_text]<\/p>\n<ul>\n<li>Couverture sociale et assurance \u00e0 mettre en place<\/li>\n<li>Budget annuel pr\u00e9visionnel des diff\u00e9rentes activit\u00e9s, d\u00e9termination d\u2019une r\u00e9mun\u00e9ration et fiscalit\u00e9 pr\u00e9visionnelle<\/li>\n<\/ul>\n<p>[\/vc_column_text][\/vc_column][vc_column bg_color=&#8221;#222222&#8243; bg_image=&#8221;15109&#8243; column_padding=&#8221;padding-7&#8243; text_color=&#8221;light&#8221; width=&#8221;1\/3&#8243;]<h2 class=\"headline font-special fontsize-m fontweight-700 lh-inherit align-left transform-uppercase \" style=\"margin: 0 0 0 0; color: #ffffff;\">Activit\u00e9 individuelle<\/h2><div class=\"divider divider5\" style='margin:10px 0 25px 0 !important;'><\/div>[vc_column_text]<\/p>\n<ul>\n<li>Optimisation de la classification des revenus (Salaire, BNC, endorsement, etc..)<\/li>\n<li>Traitement et gestion des retenues \u00e0 la source<\/li>\n<li>D\u00e9claration de revenus<\/li>\n<li>D\u00e9claration IFI<\/li>\n<li>Optimisation fiscale art 84 et 100 bis du CGI<\/li>\n<\/ul>\n<p>[\/vc_column_text][\/vc_column][vc_column bg_color=&#8221;#f9f9f9&#8243; column_padding=&#8221;padding-7&#8243; width=&#8221;1\/3&#8243;]<h2 class=\"headline font-special fontsize-m fontweight-700 lh-inherit align-left transform-uppercase \" style=\"margin: 0 0 0 0;\">Soci\u00e9t\u00e9 d&#8217;image<\/h2><div class=\"divider divider5\" style='margin:10px 0 25px 0 !important;'><\/div>[vc_column_text]<\/p>\n<ul>\n<li>Tenue de la comptabilit\u00e9 (dont \u00e9tablissement des factures et retenues \u00e0 la source)<\/li>\n<li>Etablissement des d\u00e9clarations fiscales en cours et fin d\u2019ann\u00e9e<\/li>\n<li>Etablissement des \u00e9l\u00e9ments sociaux (bulletins de paie, d\u00e9clarations sociales) en cours et fin d\u2019ann\u00e9e<\/li>\n<li>Etablissement des comptes annuels,<\/li>\n<li>Conseil courant sur les optimisations fiscales, sociales et l\u2019optimisation globale des revenus.<\/li>\n<\/ul>\n<p>[\/vc_column_text][\/vc_column][\/vc_row]<\/p>\n","protected":false},"excerpt":{"rendered":"<p>[vc_row bg_image=&#8221;339&#8243; parallax_bg=&#8221;true&#8221; bg_color=&#8221;#f9f9f9&#8243; top_padding=&#8221;100&#8243; bottom_padding=&#8221;100&#8243;][vc_column width=&#8221;1\/1&#8243;][\/vc_column][\/vc_row][vc_row type=&#8221;full_width_section&#8221;][vc_column bg_color=&#8221;#f9f9f9&#8243; column_padding=&#8221;padding-7&#8243; width=&#8221;1\/3&#8243;][vc_column_text] Analyse de votre projet Analyse des revenus des activit\u00e9s sportives en France et \u00e0 l\u2019\u00e9tranger Recommandations [\/vc_column_text][\/vc_column][vc_column bg_image=&#8221;15109&#8243; column_padding=&#8221;padding-7&#8243; width=&#8221;1\/3&#8243;][vc_column_text] Cr\u00e9ation de l\u2019activit\u00e9 BNC Gestion comptable et fiscale de l\u2019activit\u00e9 BNC [\/vc_column_text][\/vc_column][vc_column bg_color=&#8221;#222222&#8243; column_padding=&#8221;padding-7&#8243; width=&#8221;1\/3&#8243;][vc_column_text] Montage : \u00ab\u00a0rent a star system\u00a0\u00bb Cr\u00e9ation d\u2019une structure commerciale ad hoc (ex\u00a0: soci\u00e9t\u00e9 d\u2019image) [\/vc_column_text][\/vc_column][\/vc_row][vc_row type=&#8221;full_width_section&#8221;][vc_column bg_color=&#8221;#ffffff&#8221; column_padding=&#8221;padding-7&#8243; width=&#8221;1\/3&#8243;][vc_column_text] Couverture sociale et assurance \u00e0 mettre en place Budget annuel pr\u00e9visionnel des diff\u00e9rentes activit\u00e9s, d\u00e9termination d\u2019une r\u00e9mun\u00e9ration et fiscalit\u00e9 pr\u00e9visionnelle [\/vc_column_text][\/vc_column][vc_column bg_color=&#8221;#222222&#8243; bg_image=&#8221;15109&#8243; column_padding=&#8221;padding-7&#8243; text_color=&#8221;light&#8221; width=&#8221;1\/3&#8243;][vc_column_text] Optimisation de la classification des revenus (Salaire, BNC, endorsement, etc..) Traitement et gestion des retenues \u00e0 la source D\u00e9claration de revenus D\u00e9claration IFI Optimisation fiscale art 84 et 100 bis du CGI [\/vc_column_text][\/vc_column][vc_column bg_color=&#8221;#f9f9f9&#8243; column_padding=&#8221;padding-7&#8243; width=&#8221;1\/3&#8243;][vc_column_text] Tenue de la comptabilit\u00e9 (dont \u00e9tablissement des factures et retenues \u00e0 la source) Etablissement des d\u00e9clarations fiscales en cours et fin d\u2019ann\u00e9e Etablissement des \u00e9l\u00e9ments sociaux (bulletins de paie, d\u00e9clarations sociales) en cours et fin d\u2019ann\u00e9e Etablissement des comptes annuels, Conseil courant sur les optimisations fiscales, sociales et l\u2019optimisation globale des revenus. [\/vc_column_text][\/vc_column][\/vc_row]<\/p>\n","protected":false},"author":1,"featured_media":0,"parent":0,"menu_order":0,"comment_status":"closed","ping_status":"closed","template":"","meta":[],"yoast_head":"<!-- This site is optimized with the Yoast SEO plugin v18.4.1 - https:\/\/yoast.com\/wordpress\/plugins\/seo\/ -->\n<title>Wisport - accompagnement comptable et financirer aux m\u00e9tiers du sport<\/title>\n<meta name=\"description\" content=\"Set-up BNC et soci\u00e9t\u00e9, budget annuel pr\u00e9visionnel des diff\u00e9rentes activit\u00e9s, soci\u00e9t\u00e9 d\u2019image et activit\u00e9s relatives au sponsoring.\" \/>\n<meta name=\"robots\" content=\"index, follow, max-snippet:-1, max-image-preview:large, max-video-preview:-1\" \/>\n<link rel=\"canonical\" href=\"https:\/\/www.wiredcpa.com\/fr\/wired-sports-2\/\" \/>\n<meta property=\"og:locale\" content=\"fr_FR\" \/>\n<meta property=\"og:type\" content=\"article\" \/>\n<meta property=\"og:title\" content=\"Wisport - accompagnement comptable et financirer aux m\u00e9tiers du sport\" \/>\n<meta property=\"og:description\" content=\"Set-up BNC et soci\u00e9t\u00e9, budget annuel pr\u00e9visionnel des diff\u00e9rentes activit\u00e9s, soci\u00e9t\u00e9 d\u2019image et activit\u00e9s relatives au sponsoring.\" \/>\n<meta property=\"og:url\" content=\"https:\/\/www.wiredcpa.com\/fr\/wired-sports-2\/\" \/>\n<meta property=\"og:site_name\" content=\"Wired\" \/>\n<meta property=\"article:publisher\" content=\"https:\/\/www.facebook.com\/wiredcpa\/\" \/>\n<meta property=\"article:modified_time\" content=\"2020-12-10T13:59:38+00:00\" \/>\n<meta property=\"og:image\" content=\"https:\/\/www.wiredcpa.com\/wp-content\/uploads\/2020\/12\/wired-compta-musique.png\" \/>\n\t<meta property=\"og:image:width\" content=\"2363\" \/>\n\t<meta property=\"og:image:height\" content=\"708\" \/>\n\t<meta property=\"og:image:type\" content=\"image\/png\" \/>\n<meta name=\"twitter:card\" content=\"summary_large_image\" \/>\n<script type=\"application\/ld+json\" class=\"yoast-schema-graph\">{\"@context\":\"https:\/\/schema.org\",\"@graph\":[{\"@type\":\"Organization\",\"@id\":\"https:\/\/www.wiredcpa.com\/fr\/#organization\",\"name\":\"Wired Expertise Comptable - Musique, Label & Artistes\",\"url\":\"https:\/\/www.wiredcpa.com\/fr\/\",\"sameAs\":[\"https:\/\/www.facebook.com\/wiredcpa\/\"],\"logo\":{\"@type\":\"ImageObject\",\"@id\":\"https:\/\/www.wiredcpa.com\/fr\/#logo\",\"inLanguage\":\"fr-FR\",\"url\":\"https:\/\/www.wiredcpa.com\/wp-content\/uploads\/2020\/12\/wired-compta-musique.png\",\"contentUrl\":\"https:\/\/www.wiredcpa.com\/wp-content\/uploads\/2020\/12\/wired-compta-musique.png\",\"width\":2363,\"height\":708,\"caption\":\"Wired Expertise Comptable - Musique, Label & Artistes\"},\"image\":{\"@id\":\"https:\/\/www.wiredcpa.com\/fr\/#logo\"}},{\"@type\":\"WebSite\",\"@id\":\"https:\/\/www.wiredcpa.com\/fr\/#website\",\"url\":\"https:\/\/www.wiredcpa.com\/fr\/\",\"name\":\"Wired\",\"description\":\"Business sounds better with us\",\"publisher\":{\"@id\":\"https:\/\/www.wiredcpa.com\/fr\/#organization\"},\"potentialAction\":[{\"@type\":\"SearchAction\",\"target\":{\"@type\":\"EntryPoint\",\"urlTemplate\":\"https:\/\/www.wiredcpa.com\/fr\/?s={search_term_string}\"},\"query-input\":\"required name=search_term_string\"}],\"inLanguage\":\"fr-FR\"},{\"@type\":\"WebPage\",\"@id\":\"https:\/\/www.wiredcpa.com\/fr\/wired-sports-2\/#webpage\",\"url\":\"https:\/\/www.wiredcpa.com\/fr\/wired-sports-2\/\",\"name\":\"Wisport - accompagnement comptable et financirer aux m\u00e9tiers du sport\",\"isPartOf\":{\"@id\":\"https:\/\/www.wiredcpa.com\/fr\/#website\"},\"datePublished\":\"2019-01-05T12:34:48+00:00\",\"dateModified\":\"2020-12-10T13:59:38+00:00\",\"description\":\"Set-up BNC et soci\u00e9t\u00e9, budget annuel pr\u00e9visionnel des diff\u00e9rentes activit\u00e9s, soci\u00e9t\u00e9 d\u2019image et activit\u00e9s relatives au sponsoring.\",\"breadcrumb\":{\"@id\":\"https:\/\/www.wiredcpa.com\/fr\/wired-sports-2\/#breadcrumb\"},\"inLanguage\":\"fr-FR\",\"potentialAction\":[{\"@type\":\"ReadAction\",\"target\":[\"https:\/\/www.wiredcpa.com\/fr\/wired-sports-2\/\"]}]},{\"@type\":\"BreadcrumbList\",\"@id\":\"https:\/\/www.wiredcpa.com\/fr\/wired-sports-2\/#breadcrumb\",\"itemListElement\":[{\"@type\":\"ListItem\",\"position\":1,\"name\":\"Accueil\",\"item\":\"https:\/\/www.wiredcpa.com\/fr\/\"},{\"@type\":\"ListItem\",\"position\":2,\"name\":\"WiSports\"}]}]}<\/script>\n<!-- \/ Yoast SEO plugin. -->","yoast_head_json":{"title":"Wisport - accompagnement comptable et financirer aux m\u00e9tiers du sport","description":"Set-up BNC et soci\u00e9t\u00e9, budget annuel pr\u00e9visionnel des diff\u00e9rentes activit\u00e9s, soci\u00e9t\u00e9 d\u2019image et activit\u00e9s relatives au sponsoring.","robots":{"index":"index","follow":"follow","max-snippet":"max-snippet:-1","max-image-preview":"max-image-preview:large","max-video-preview":"max-video-preview:-1"},"canonical":"https:\/\/www.wiredcpa.com\/fr\/wired-sports-2\/","og_locale":"fr_FR","og_type":"article","og_title":"Wisport - accompagnement comptable et financirer aux m\u00e9tiers du sport","og_description":"Set-up BNC et soci\u00e9t\u00e9, budget annuel pr\u00e9visionnel des diff\u00e9rentes activit\u00e9s, soci\u00e9t\u00e9 d\u2019image et activit\u00e9s relatives au sponsoring.","og_url":"https:\/\/www.wiredcpa.com\/fr\/wired-sports-2\/","og_site_name":"Wired","article_publisher":"https:\/\/www.facebook.com\/wiredcpa\/","article_modified_time":"2020-12-10T13:59:38+00:00","og_image":[{"width":2363,"height":708,"url":"https:\/\/www.wiredcpa.com\/wp-content\/uploads\/2020\/12\/wired-compta-musique.png","type":"image\/png"}],"twitter_card":"summary_large_image","schema":{"@context":"https:\/\/schema.org","@graph":[{"@type":"Organization","@id":"https:\/\/www.wiredcpa.com\/fr\/#organization","name":"Wired Expertise Comptable - Musique, Label & Artistes","url":"https:\/\/www.wiredcpa.com\/fr\/","sameAs":["https:\/\/www.facebook.com\/wiredcpa\/"],"logo":{"@type":"ImageObject","@id":"https:\/\/www.wiredcpa.com\/fr\/#logo","inLanguage":"fr-FR","url":"https:\/\/www.wiredcpa.com\/wp-content\/uploads\/2020\/12\/wired-compta-musique.png","contentUrl":"https:\/\/www.wiredcpa.com\/wp-content\/uploads\/2020\/12\/wired-compta-musique.png","width":2363,"height":708,"caption":"Wired Expertise Comptable - Musique, Label & Artistes"},"image":{"@id":"https:\/\/www.wiredcpa.com\/fr\/#logo"}},{"@type":"WebSite","@id":"https:\/\/www.wiredcpa.com\/fr\/#website","url":"https:\/\/www.wiredcpa.com\/fr\/","name":"Wired","description":"Business sounds better with us","publisher":{"@id":"https:\/\/www.wiredcpa.com\/fr\/#organization"},"potentialAction":[{"@type":"SearchAction","target":{"@type":"EntryPoint","urlTemplate":"https:\/\/www.wiredcpa.com\/fr\/?s={search_term_string}"},"query-input":"required name=search_term_string"}],"inLanguage":"fr-FR"},{"@type":"WebPage","@id":"https:\/\/www.wiredcpa.com\/fr\/wired-sports-2\/#webpage","url":"https:\/\/www.wiredcpa.com\/fr\/wired-sports-2\/","name":"Wisport - accompagnement comptable et financirer aux m\u00e9tiers du sport","isPartOf":{"@id":"https:\/\/www.wiredcpa.com\/fr\/#website"},"datePublished":"2019-01-05T12:34:48+00:00","dateModified":"2020-12-10T13:59:38+00:00","description":"Set-up BNC et soci\u00e9t\u00e9, budget annuel pr\u00e9visionnel des diff\u00e9rentes activit\u00e9s, soci\u00e9t\u00e9 d\u2019image et activit\u00e9s relatives au sponsoring.","breadcrumb":{"@id":"https:\/\/www.wiredcpa.com\/fr\/wired-sports-2\/#breadcrumb"},"inLanguage":"fr-FR","potentialAction":[{"@type":"ReadAction","target":["https:\/\/www.wiredcpa.com\/fr\/wired-sports-2\/"]}]},{"@type":"BreadcrumbList","@id":"https:\/\/www.wiredcpa.com\/fr\/wired-sports-2\/#breadcrumb","itemListElement":[{"@type":"ListItem","position":1,"name":"Accueil","item":"https:\/\/www.wiredcpa.com\/fr\/"},{"@type":"ListItem","position":2,"name":"WiSports"}]}]}},"_links":{"self":[{"href":"https:\/\/www.wiredcpa.com\/fr\/wp-json\/wp\/v2\/pages\/319"}],"collection":[{"href":"https:\/\/www.wiredcpa.com\/fr\/wp-json\/wp\/v2\/pages"}],"about":[{"href":"https:\/\/www.wiredcpa.com\/fr\/wp-json\/wp\/v2\/types\/page"}],"author":[{"embeddable":true,"href":"https:\/\/www.wiredcpa.com\/fr\/wp-json\/wp\/v2\/users\/1"}],"replies":[{"embeddable":true,"href":"https:\/\/www.wiredcpa.com\/fr\/wp-json\/wp\/v2\/comments?post=319"}],"version-history":[{"count":4,"href":"https:\/\/www.wiredcpa.com\/fr\/wp-json\/wp\/v2\/pages\/319\/revisions"}],"predecessor-version":[{"id":392,"href":"https:\/\/www.wiredcpa.com\/fr\/wp-json\/wp\/v2\/pages\/319\/revisions\/392"}],"wp:attachment":[{"href":"https:\/\/www.wiredcpa.com\/fr\/wp-json\/wp\/v2\/media?parent=319"}],"curies":[{"name":"wp","href":"https:\/\/api.w.org\/{rel}","templated":true}]}}