{"id":317,"date":"2019-01-05T13:33:13","date_gmt":"2019-01-05T12:33:13","guid":{"rendered":"https:\/\/www.wiredcpa.com\/?page_id=317"},"modified":"2020-12-10T14:55:39","modified_gmt":"2020-12-10T13:55:39","slug":"wioffice","status":"publish","type":"page","link":"https:\/\/www.wiredcpa.com\/fr\/wioffice\/","title":{"rendered":"WiOffice"},"content":{"rendered":"<p>[vc_row bg_image=&#8221;340&#8243; parallax_bg=&#8221;true&#8221; bg_color=&#8221;#f9f9f9&#8243; text_color=&#8221;light&#8221; top_padding=&#8221;100&#8243; bottom_padding=&#8221;100&#8243;][vc_column width=&#8221;1\/1&#8243;][vc_empty_space height=&#8221;200px&#8221;][\/vc_column][\/vc_row][vc_row][vc_column column_padding=&#8221;padding-3&#8243; column_center=&#8221;true&#8221; text_align=&#8221;center&#8221; width=&#8221;1\/6&#8243;][vc_empty_space height=&#8221;10px&#8221;][\/vc_column][vc_column width=&#8221;2\/3&#8243;][vc_empty_space height=&#8221;40px&#8221;]<h1 class=\"headline font-special fontsize-xl fontweight-700 lh-13 align-left transform-inherit coversport\" style=\"margin: 0 0 20px 0; color: #d39a4f;\">WiOffice<\/h1><div class=\"divider divider5\" style='margin:10px 0 25px 0 !important;'><\/div><h2 class=\"headline font-special fontsize-m fontweight-700 lh-13 align-left transform-inherit coversport\" style=\"margin: 0 0 20px 0; color: #222222;\">Un p\u00f4le de gestion administrative et financi\u00e8re<br \/>\nd\u00e9di\u00e9 aux artistes et acteurs de l\u2019industrie musicale.<\/h2>[vc_empty_space height=&#8221;30px&#8221;][\/vc_column][vc_column width=&#8221;1\/6&#8243;][vc_empty_space height=&#8221;10px&#8221;][\/vc_column][\/vc_row][vc_row type=&#8221;full_width_section&#8221; bg_color=&#8221;#707070&#8243; text_color=&#8221;light&#8221; bg_position=&#8221;left top&#8221;][vc_column column_padding=&#8221;padding-5&#8243; width=&#8221;1\/2&#8243;]<h2 class=\"headline font-special fontsize-m fontweight-700 lh-13 align-left transform-inherit coversport\" style=\"margin: 0 0 20px 0; color: #ffffff;\">Administratif<\/h2><div class=\"divider divider5\" style='margin:10px 0 25px 0 !important;'><\/div>[vc_column_text]<\/p>\n<ul>\n<li style=\"font-weight: 400;\"><span style=\"font-weight: 400;\">Inscription, d\u00e9claration et d\u00e9marches aupr\u00e8s des organismes fiscaux et sociaux (Agessa, s\u00e9curit\u00e9 sociale, p\u00f4le emploi, tr\u00e9sor public, etc.) et des administrations \u00a0<\/span><\/li>\n<li style=\"font-weight: 400;\"><span style=\"font-weight: 400;\">Relations Banques et Assurances (d\u00e9l\u00e9gation et repr\u00e9sentation)<\/span><\/li>\n<li style=\"font-weight: 400;\"><span style=\"font-weight: 400;\">Assistant personnel (prise de rendez vous et suivi)<\/span><\/li>\n<\/ul>\n<p>[\/vc_column_text][\/vc_column][vc_column bg_color=&#8221;#222222&#8243; column_padding=&#8221;padding-5&#8243; width=&#8221;1\/2&#8243;]<h2 class=\"headline font-special fontsize-m fontweight-700 lh-13 align-left transform-inherit coversport\" style=\"margin: 0 0 20px 0; color: #ffffff;\">Subventions et Cr\u00e9dits d&#8217;imp\u00f4ts<\/h2><div class=\"divider divider5\" style='margin:10px 0 25px 0 !important;'><\/div>[vc_column_text]<\/p>\n<ul>\n<li style=\"font-weight: 400;\"><span style=\"font-weight: 400;\">Conseil, mise en place, constitution des dossiers de d\u00e9p\u00f4ts et suivi aupr\u00e8s des organismes<br \/>\n( ADAMI, FCM, SPPF, SCPP\u2026)<\/span><\/li>\n<li style=\"font-weight: 400;\"><span style=\"font-weight: 400;\">Cr\u00e9dit d&#8217;imp\u00f4ts : Entreprises de production phonographiques<br \/>\net Spectacle vivant<\/span><\/li>\n<\/ul>\n<p>[\/vc_column_text][\/vc_column][\/vc_row][vc_row type=&#8221;full_width_section&#8221; bg_color=&#8221;#707070&#8243; text_color=&#8221;light&#8221; bg_position=&#8221;left top&#8221;][vc_column bg_color=&#8221;#222222&#8243; column_padding=&#8221;padding-5&#8243; text_color=&#8221;light&#8221; width=&#8221;1\/2&#8243;]<h2 class=\"headline font-special fontsize-m fontweight-700 lh-13 align-left transform-inherit coversport\" style=\"margin: 0 0 20px 0; color: #ffffff;\">Optimisation des revenus et de la fiscalit\u00e9<\/h2><div class=\"divider divider5\" style='margin:10px 0 25px 0 !important;'><\/div>[vc_column_text]<\/p>\n<ul>\n<li style=\"font-weight: 400;\"><span style=\"font-weight: 400;\">D\u00e9finition et mise en oeuvre de l\u2019organisation juridique pertinente <\/span><\/li>\n<li style=\"font-weight: 400;\"><span style=\"font-weight: 400;\">Optimisation des sources de revenus et des droits d\u2019intermittence<\/span><\/li>\n<li style=\"font-weight: 400;\"><span style=\"font-weight: 400;\">Optimisation de la couverture sociale<\/span><\/li>\n<li style=\"font-weight: 400;\"><span style=\"font-weight: 400;\">D\u00e9claration annuelle de revenus<\/span><\/li>\n<li style=\"font-weight: 400;\"><span style=\"font-weight: 400;\">Assistance contr\u00f4le fiscal<\/span><\/li>\n<\/ul>\n<p>[\/vc_column_text][\/vc_column][vc_column column_padding=&#8221;padding-5&#8243; width=&#8221;1\/2&#8243;]<h2 class=\"headline font-special fontsize-m fontweight-700 lh-13 align-left transform-inherit coversport\" style=\"margin: 0 0 20px 0; color: #ffffff;\">Investissement personnel et professionnel<\/h2><div class=\"divider divider5\" style='margin:10px 0 25px 0 !important;'><\/div>[vc_column_text]<\/p>\n<ul>\n<li style=\"font-weight: 400;\"><span style=\"font-weight: 400;\">D\u00e9finition du projet, conseil et cahier des charges<\/span><\/li>\n<li style=\"font-weight: 400;\"><span style=\"font-weight: 400;\">Constitution du patrimoine<\/span><\/li>\n<li style=\"font-weight: 400;\"><span style=\"font-weight: 400;\">Investissement immobilier (cahier des charges, visites, n\u00e9gociations, d\u00e9marches)<\/span><\/li>\n<li style=\"font-weight: 400;\"><span style=\"font-weight: 400;\">Recherche et montage de financement, refinancement, optimisation<\/span><\/li>\n<\/ul>\n<p>[\/vc_column_text][\/vc_column][\/vc_row]<\/p>\n","protected":false},"excerpt":{"rendered":"<p>[vc_row bg_image=&#8221;340&#8243; parallax_bg=&#8221;true&#8221; bg_color=&#8221;#f9f9f9&#8243; text_color=&#8221;light&#8221; top_padding=&#8221;100&#8243; bottom_padding=&#8221;100&#8243;][vc_column width=&#8221;1\/1&#8243;][vc_empty_space height=&#8221;200px&#8221;][\/vc_column][\/vc_row][vc_row][vc_column column_padding=&#8221;padding-3&#8243; column_center=&#8221;true&#8221; text_align=&#8221;center&#8221; width=&#8221;1\/6&#8243;][vc_empty_space height=&#8221;10px&#8221;][\/vc_column][vc_column width=&#8221;2\/3&#8243;][vc_empty_space height=&#8221;40px&#8221;][vc_empty_space height=&#8221;30px&#8221;][\/vc_column][vc_column width=&#8221;1\/6&#8243;][vc_empty_space height=&#8221;10px&#8221;][\/vc_column][\/vc_row][vc_row type=&#8221;full_width_section&#8221; bg_color=&#8221;#707070&#8243; text_color=&#8221;light&#8221; bg_position=&#8221;left top&#8221;][vc_column column_padding=&#8221;padding-5&#8243; width=&#8221;1\/2&#8243;][vc_column_text] Inscription, d\u00e9claration et d\u00e9marches aupr\u00e8s des organismes fiscaux et sociaux (Agessa, s\u00e9curit\u00e9 sociale, p\u00f4le emploi, tr\u00e9sor public, etc.) et des administrations \u00a0 Relations Banques et Assurances (d\u00e9l\u00e9gation et repr\u00e9sentation) Assistant personnel (prise de rendez vous et suivi) [\/vc_column_text][\/vc_column][vc_column bg_color=&#8221;#222222&#8243; column_padding=&#8221;padding-5&#8243; width=&#8221;1\/2&#8243;][vc_column_text] Conseil, mise en place, constitution des dossiers de d\u00e9p\u00f4ts et suivi aupr\u00e8s des organismes ( ADAMI, FCM, SPPF, SCPP\u2026) Cr\u00e9dit d&#8217;imp\u00f4ts : Entreprises de production phonographiques et Spectacle vivant [\/vc_column_text][\/vc_column][\/vc_row][vc_row type=&#8221;full_width_section&#8221; bg_color=&#8221;#707070&#8243; text_color=&#8221;light&#8221; bg_position=&#8221;left top&#8221;][vc_column bg_color=&#8221;#222222&#8243; column_padding=&#8221;padding-5&#8243; text_color=&#8221;light&#8221; width=&#8221;1\/2&#8243;][vc_column_text] D\u00e9finition et mise en oeuvre de l\u2019organisation juridique pertinente Optimisation des sources de revenus et des droits d\u2019intermittence Optimisation de la couverture sociale D\u00e9claration annuelle de revenus Assistance contr\u00f4le fiscal [\/vc_column_text][\/vc_column][vc_column column_padding=&#8221;padding-5&#8243; width=&#8221;1\/2&#8243;][vc_column_text] D\u00e9finition du projet, conseil et cahier des charges Constitution du patrimoine Investissement immobilier (cahier des charges, visites, n\u00e9gociations, d\u00e9marches) Recherche et montage de financement, refinancement, optimisation [\/vc_column_text][\/vc_column][\/vc_row]<\/p>\n","protected":false},"author":1,"featured_media":0,"parent":0,"menu_order":0,"comment_status":"closed","ping_status":"closed","template":"","meta":[],"yoast_head":"<!-- This site is optimized with the Yoast SEO plugin v18.4.1 - https:\/\/yoast.com\/wordpress\/plugins\/seo\/ -->\n<title>Gestion administrative \/ financi\u00e8re - artistes et l\u2019industrie musicale.<\/title>\n<meta name=\"description\" content=\"Un p\u00f4le de gestion administrative et financi\u00e8red\u00e9di\u00e9 aux artistes et acteurs de l\u2019industrie musicale : Subventions et Cr\u00e9dits d\u2019imp\u00f4ts\" \/>\n<meta name=\"robots\" content=\"index, follow, max-snippet:-1, max-image-preview:large, max-video-preview:-1\" \/>\n<link rel=\"canonical\" href=\"https:\/\/www.wiredcpa.com\/fr\/wioffice\/\" \/>\n<meta property=\"og:locale\" content=\"fr_FR\" \/>\n<meta property=\"og:type\" content=\"article\" \/>\n<meta property=\"og:title\" content=\"Gestion administrative \/ financi\u00e8re - artistes et l\u2019industrie musicale.\" \/>\n<meta property=\"og:description\" content=\"Un p\u00f4le de gestion administrative et financi\u00e8red\u00e9di\u00e9 aux artistes et acteurs de l\u2019industrie musicale : Subventions et Cr\u00e9dits d\u2019imp\u00f4ts\" \/>\n<meta property=\"og:url\" content=\"https:\/\/www.wiredcpa.com\/fr\/wioffice\/\" \/>\n<meta property=\"og:site_name\" content=\"Wired\" \/>\n<meta property=\"article:publisher\" content=\"https:\/\/www.facebook.com\/wiredcpa\/\" \/>\n<meta property=\"article:modified_time\" content=\"2020-12-10T13:55:39+00:00\" \/>\n<meta property=\"og:image\" content=\"https:\/\/www.wiredcpa.com\/wp-content\/uploads\/2020\/12\/wired-compta-musique.png\" \/>\n\t<meta property=\"og:image:width\" content=\"2363\" \/>\n\t<meta property=\"og:image:height\" content=\"708\" \/>\n\t<meta property=\"og:image:type\" content=\"image\/png\" \/>\n<meta name=\"twitter:card\" content=\"summary_large_image\" \/>\n<script type=\"application\/ld+json\" class=\"yoast-schema-graph\">{\"@context\":\"https:\/\/schema.org\",\"@graph\":[{\"@type\":\"Organization\",\"@id\":\"https:\/\/www.wiredcpa.com\/fr\/#organization\",\"name\":\"Wired Expertise Comptable - Musique, Label & Artistes\",\"url\":\"https:\/\/www.wiredcpa.com\/fr\/\",\"sameAs\":[\"https:\/\/www.facebook.com\/wiredcpa\/\"],\"logo\":{\"@type\":\"ImageObject\",\"@id\":\"https:\/\/www.wiredcpa.com\/fr\/#logo\",\"inLanguage\":\"fr-FR\",\"url\":\"https:\/\/www.wiredcpa.com\/wp-content\/uploads\/2020\/12\/wired-compta-musique.png\",\"contentUrl\":\"https:\/\/www.wiredcpa.com\/wp-content\/uploads\/2020\/12\/wired-compta-musique.png\",\"width\":2363,\"height\":708,\"caption\":\"Wired Expertise Comptable - Musique, Label & Artistes\"},\"image\":{\"@id\":\"https:\/\/www.wiredcpa.com\/fr\/#logo\"}},{\"@type\":\"WebSite\",\"@id\":\"https:\/\/www.wiredcpa.com\/fr\/#website\",\"url\":\"https:\/\/www.wiredcpa.com\/fr\/\",\"name\":\"Wired\",\"description\":\"Business sounds better with us\",\"publisher\":{\"@id\":\"https:\/\/www.wiredcpa.com\/fr\/#organization\"},\"potentialAction\":[{\"@type\":\"SearchAction\",\"target\":{\"@type\":\"EntryPoint\",\"urlTemplate\":\"https:\/\/www.wiredcpa.com\/fr\/?s={search_term_string}\"},\"query-input\":\"required name=search_term_string\"}],\"inLanguage\":\"fr-FR\"},{\"@type\":\"WebPage\",\"@id\":\"https:\/\/www.wiredcpa.com\/fr\/wioffice\/#webpage\",\"url\":\"https:\/\/www.wiredcpa.com\/fr\/wioffice\/\",\"name\":\"Gestion administrative \/ financi\u00e8re - artistes et l\u2019industrie musicale.\",\"isPartOf\":{\"@id\":\"https:\/\/www.wiredcpa.com\/fr\/#website\"},\"datePublished\":\"2019-01-05T12:33:13+00:00\",\"dateModified\":\"2020-12-10T13:55:39+00:00\",\"description\":\"Un p\u00f4le de gestion administrative et financi\u00e8red\u00e9di\u00e9 aux artistes et acteurs de l\u2019industrie musicale : Subventions et Cr\u00e9dits d\u2019imp\u00f4ts\",\"breadcrumb\":{\"@id\":\"https:\/\/www.wiredcpa.com\/fr\/wioffice\/#breadcrumb\"},\"inLanguage\":\"fr-FR\",\"potentialAction\":[{\"@type\":\"ReadAction\",\"target\":[\"https:\/\/www.wiredcpa.com\/fr\/wioffice\/\"]}]},{\"@type\":\"BreadcrumbList\",\"@id\":\"https:\/\/www.wiredcpa.com\/fr\/wioffice\/#breadcrumb\",\"itemListElement\":[{\"@type\":\"ListItem\",\"position\":1,\"name\":\"Accueil\",\"item\":\"https:\/\/www.wiredcpa.com\/fr\/\"},{\"@type\":\"ListItem\",\"position\":2,\"name\":\"WiOffice\"}]}]}<\/script>\n<!-- \/ Yoast SEO plugin. -->","yoast_head_json":{"title":"Gestion administrative \/ financi\u00e8re - artistes et l\u2019industrie musicale.","description":"Un p\u00f4le de gestion administrative et financi\u00e8red\u00e9di\u00e9 aux artistes et acteurs de l\u2019industrie musicale : Subventions et Cr\u00e9dits d\u2019imp\u00f4ts","robots":{"index":"index","follow":"follow","max-snippet":"max-snippet:-1","max-image-preview":"max-image-preview:large","max-video-preview":"max-video-preview:-1"},"canonical":"https:\/\/www.wiredcpa.com\/fr\/wioffice\/","og_locale":"fr_FR","og_type":"article","og_title":"Gestion administrative \/ financi\u00e8re - artistes et l\u2019industrie musicale.","og_description":"Un p\u00f4le de gestion administrative et financi\u00e8red\u00e9di\u00e9 aux artistes et acteurs de l\u2019industrie musicale : Subventions et Cr\u00e9dits d\u2019imp\u00f4ts","og_url":"https:\/\/www.wiredcpa.com\/fr\/wioffice\/","og_site_name":"Wired","article_publisher":"https:\/\/www.facebook.com\/wiredcpa\/","article_modified_time":"2020-12-10T13:55:39+00:00","og_image":[{"width":2363,"height":708,"url":"https:\/\/www.wiredcpa.com\/wp-content\/uploads\/2020\/12\/wired-compta-musique.png","type":"image\/png"}],"twitter_card":"summary_large_image","schema":{"@context":"https:\/\/schema.org","@graph":[{"@type":"Organization","@id":"https:\/\/www.wiredcpa.com\/fr\/#organization","name":"Wired Expertise Comptable - Musique, Label & Artistes","url":"https:\/\/www.wiredcpa.com\/fr\/","sameAs":["https:\/\/www.facebook.com\/wiredcpa\/"],"logo":{"@type":"ImageObject","@id":"https:\/\/www.wiredcpa.com\/fr\/#logo","inLanguage":"fr-FR","url":"https:\/\/www.wiredcpa.com\/wp-content\/uploads\/2020\/12\/wired-compta-musique.png","contentUrl":"https:\/\/www.wiredcpa.com\/wp-content\/uploads\/2020\/12\/wired-compta-musique.png","width":2363,"height":708,"caption":"Wired Expertise Comptable - Musique, Label & Artistes"},"image":{"@id":"https:\/\/www.wiredcpa.com\/fr\/#logo"}},{"@type":"WebSite","@id":"https:\/\/www.wiredcpa.com\/fr\/#website","url":"https:\/\/www.wiredcpa.com\/fr\/","name":"Wired","description":"Business sounds better with us","publisher":{"@id":"https:\/\/www.wiredcpa.com\/fr\/#organization"},"potentialAction":[{"@type":"SearchAction","target":{"@type":"EntryPoint","urlTemplate":"https:\/\/www.wiredcpa.com\/fr\/?s={search_term_string}"},"query-input":"required name=search_term_string"}],"inLanguage":"fr-FR"},{"@type":"WebPage","@id":"https:\/\/www.wiredcpa.com\/fr\/wioffice\/#webpage","url":"https:\/\/www.wiredcpa.com\/fr\/wioffice\/","name":"Gestion administrative \/ financi\u00e8re - artistes et l\u2019industrie musicale.","isPartOf":{"@id":"https:\/\/www.wiredcpa.com\/fr\/#website"},"datePublished":"2019-01-05T12:33:13+00:00","dateModified":"2020-12-10T13:55:39+00:00","description":"Un p\u00f4le de gestion administrative et financi\u00e8red\u00e9di\u00e9 aux artistes et acteurs de l\u2019industrie musicale : Subventions et Cr\u00e9dits d\u2019imp\u00f4ts","breadcrumb":{"@id":"https:\/\/www.wiredcpa.com\/fr\/wioffice\/#breadcrumb"},"inLanguage":"fr-FR","potentialAction":[{"@type":"ReadAction","target":["https:\/\/www.wiredcpa.com\/fr\/wioffice\/"]}]},{"@type":"BreadcrumbList","@id":"https:\/\/www.wiredcpa.com\/fr\/wioffice\/#breadcrumb","itemListElement":[{"@type":"ListItem","position":1,"name":"Accueil","item":"https:\/\/www.wiredcpa.com\/fr\/"},{"@type":"ListItem","position":2,"name":"WiOffice"}]}]}},"_links":{"self":[{"href":"https:\/\/www.wiredcpa.com\/fr\/wp-json\/wp\/v2\/pages\/317"}],"collection":[{"href":"https:\/\/www.wiredcpa.com\/fr\/wp-json\/wp\/v2\/pages"}],"about":[{"href":"https:\/\/www.wiredcpa.com\/fr\/wp-json\/wp\/v2\/types\/page"}],"author":[{"embeddable":true,"href":"https:\/\/www.wiredcpa.com\/fr\/wp-json\/wp\/v2\/users\/1"}],"replies":[{"embeddable":true,"href":"https:\/\/www.wiredcpa.com\/fr\/wp-json\/wp\/v2\/comments?post=317"}],"version-history":[{"count":3,"href":"https:\/\/www.wiredcpa.com\/fr\/wp-json\/wp\/v2\/pages\/317\/revisions"}],"predecessor-version":[{"id":346,"href":"https:\/\/www.wiredcpa.com\/fr\/wp-json\/wp\/v2\/pages\/317\/revisions\/346"}],"wp:attachment":[{"href":"https:\/\/www.wiredcpa.com\/fr\/wp-json\/wp\/v2\/media?parent=317"}],"curies":[{"name":"wp","href":"https:\/\/api.w.org\/{rel}","templated":true}]}}