{"id":315,"date":"2019-01-05T13:32:34","date_gmt":"2019-01-05T12:32:34","guid":{"rendered":"https:\/\/www.wiredcpa.com\/?page_id=315"},"modified":"2020-12-10T14:53:14","modified_gmt":"2020-12-10T13:53:14","slug":"wimake","status":"publish","type":"page","link":"https:\/\/www.wiredcpa.com\/fr\/wimake\/","title":{"rendered":"WiMake"},"content":{"rendered":"<p>[vc_row bg_image=&#8221;336&#8243; parallax_bg=&#8221;true&#8221; bg_color=&#8221;#f9f9f9&#8243; text_color=&#8221;light&#8221; top_padding=&#8221;100&#8243; bottom_padding=&#8221;100&#8243;][vc_column width=&#8221;1\/1&#8243;][vc_empty_space height=&#8221;200px&#8221;][\/vc_column][\/vc_row][vc_row][vc_column column_padding=&#8221;padding-3&#8243; column_center=&#8221;true&#8221; text_align=&#8221;center&#8221; width=&#8221;1\/6&#8243;][vc_empty_space height=&#8221;10px&#8221;][\/vc_column][vc_column width=&#8221;2\/3&#8243;][vc_empty_space height=&#8221;40px&#8221;]<h1 class=\"headline font-special fontsize-xl fontweight-700 lh-13 align-left transform-inherit coversport\" style=\"margin: 0 0 20px 0; color: #d39a4f;\">WiMake<\/h1><div class=\"divider divider5\" style='margin:10px 0 25px 0 !important;'><\/div>[vc_empty_space height=&#8221;30px&#8221;][\/vc_column][vc_column width=&#8221;1\/6&#8243;][vc_empty_space height=&#8221;10px&#8221;][\/vc_column][\/vc_row][vc_row type=&#8221;full_width_section&#8221; bg_color=&#8221;#707070&#8243; text_color=&#8221;light&#8221; bg_position=&#8221;left top&#8221;][vc_column column_padding=&#8221;padding-5&#8243; text_color=&#8221;light&#8221; width=&#8221;1\/3&#8243;]<h2 class=\"headline font-special fontsize-m fontweight-700 lh-13 align-left transform-inherit coversport\" style=\"margin: 0 0 20px 0; color: #222222;\">Royaut\u00e9s<\/h2><div class=\"divider divider5\" style='margin:10px 0 25px 0 !important;'><\/div>[\/vc_column][vc_column bg_color=&#8221;#222222&#8243; column_padding=&#8221;padding-5&#8243; width=&#8221;1\/3&#8243;]<h2 class=\"headline font-special fontsize-m fontweight-700 lh-13 align-left transform-inherit coversport\" style=\"margin: 0 0 20px 0; color: #ffffff;\">Subventions<\/h2><div class=\"divider divider5\" style='margin:10px 0 25px 0 !important;'><\/div>[\/vc_column][vc_column bg_color=&#8221;#d6d6d6&#8243; column_padding=&#8221;padding-5&#8243; width=&#8221;1\/3&#8243;]<h2 class=\"headline font-special fontsize-m fontweight-700 lh-13 align-left transform-inherit coversport\" style=\"margin: 0 0 20px 0; color: #222222;\">Cr\u00e9dits d&#8217;imp\u00f4ts<\/h2><div class=\"divider divider5\" style='margin:10px 0 25px 0 !important;'><\/div>[\/vc_column][\/vc_row][vc_row][vc_column column_padding=&#8221;padding-3&#8243; column_center=&#8221;true&#8221; text_align=&#8221;center&#8221; width=&#8221;1\/6&#8243;][vc_empty_space height=&#8221;10px&#8221;][\/vc_column][vc_column width=&#8221;2\/3&#8243;][vc_empty_space height=&#8221;40px&#8221;]<h1 class=\"headline font-special fontsize-xl fontweight-700 lh-13 align-left transform-inherit coversport\" style=\"margin: 0 0 20px 0; color: #d39a4f;\">L&#8217;offre de services<\/h1><div class=\"divider divider5\" style='margin:10px 0 25px 0 !important;'><\/div>[vc_column_text]<\/p>\n<ul>\n<li><span style=\"font-weight: 400;\">Calcul des royalties disques<\/span><\/li>\n<li><span style=\"font-weight: 400;\">Contr\u00f4le des royalties disques<\/span><\/li>\n<li><span style=\"font-weight: 400;\">Calcul des droits d\u2019utilisations secondaires discographiques et \u00e9ditoriaux<\/span><\/li>\n<li><span style=\"font-weight: 400;\">Contr\u00f4le des droits d\u2019utilisations secondaires discographiques et \u00e9ditoriaux<\/span><\/li>\n<li><span style=\"font-weight: 400;\">Calcul des reversements commerciaux<\/span><\/li>\n<li><span style=\"font-weight: 400;\">Contr\u00f4le des reversements commerciaux<\/span><\/li>\n<li><span style=\"font-weight: 400;\">D\u00e9claration des droits voisins<\/span><\/li>\n<li><span style=\"font-weight: 400;\">Etablissement des notes de d\u00e9bit et des d\u00e9clarations sociales li\u00e9es<\/span><\/li>\n<li><span style=\"font-weight: 400;\">Etablissement des dossiers de cr\u00e9dit d\u2019imp\u00f4t phonographique et de cr\u00e9dit d\u2019imp\u00f4t spectacles vivants<\/span><\/li>\n<li><span style=\"font-weight: 400;\">Recherche des subventions disponibles et \u00e9tablissement des dossiers d\u2019obtention de ces subventions.<\/span><\/li>\n<\/ul>\n<p>[\/vc_column_text][vc_empty_space height=&#8221;30px&#8221;][\/vc_column][vc_column width=&#8221;1\/6&#8243;][vc_empty_space height=&#8221;10px&#8221;][\/vc_column][\/vc_row]<\/p>\n","protected":false},"excerpt":{"rendered":"<p>[vc_row bg_image=&#8221;336&#8243; parallax_bg=&#8221;true&#8221; bg_color=&#8221;#f9f9f9&#8243; text_color=&#8221;light&#8221; top_padding=&#8221;100&#8243; bottom_padding=&#8221;100&#8243;][vc_column width=&#8221;1\/1&#8243;][vc_empty_space height=&#8221;200px&#8221;][\/vc_column][\/vc_row][vc_row][vc_column column_padding=&#8221;padding-3&#8243; column_center=&#8221;true&#8221; text_align=&#8221;center&#8221; width=&#8221;1\/6&#8243;][vc_empty_space height=&#8221;10px&#8221;][\/vc_column][vc_column width=&#8221;2\/3&#8243;][vc_empty_space height=&#8221;40px&#8221;][vc_empty_space height=&#8221;30px&#8221;][\/vc_column][vc_column width=&#8221;1\/6&#8243;][vc_empty_space height=&#8221;10px&#8221;][\/vc_column][\/vc_row][vc_row type=&#8221;full_width_section&#8221; bg_color=&#8221;#707070&#8243; text_color=&#8221;light&#8221; bg_position=&#8221;left top&#8221;][vc_column column_padding=&#8221;padding-5&#8243; text_color=&#8221;light&#8221; width=&#8221;1\/3&#8243;][\/vc_column][vc_column bg_color=&#8221;#222222&#8243; column_padding=&#8221;padding-5&#8243; width=&#8221;1\/3&#8243;][\/vc_column][vc_column bg_color=&#8221;#d6d6d6&#8243; column_padding=&#8221;padding-5&#8243; width=&#8221;1\/3&#8243;][\/vc_column][\/vc_row][vc_row][vc_column column_padding=&#8221;padding-3&#8243; column_center=&#8221;true&#8221; text_align=&#8221;center&#8221; width=&#8221;1\/6&#8243;][vc_empty_space height=&#8221;10px&#8221;][\/vc_column][vc_column width=&#8221;2\/3&#8243;][vc_empty_space height=&#8221;40px&#8221;][vc_column_text] Calcul des royalties disques Contr\u00f4le des royalties disques Calcul des droits d\u2019utilisations secondaires discographiques et \u00e9ditoriaux Contr\u00f4le des droits d\u2019utilisations secondaires discographiques et \u00e9ditoriaux Calcul des reversements commerciaux Contr\u00f4le des reversements commerciaux D\u00e9claration des droits voisins Etablissement des notes de d\u00e9bit et des d\u00e9clarations sociales li\u00e9es Etablissement des dossiers de cr\u00e9dit d\u2019imp\u00f4t phonographique et de cr\u00e9dit d\u2019imp\u00f4t spectacles vivants Recherche des subventions disponibles et \u00e9tablissement des dossiers d\u2019obtention de ces subventions. [\/vc_column_text][vc_empty_space height=&#8221;30px&#8221;][\/vc_column][vc_column width=&#8221;1\/6&#8243;][vc_empty_space height=&#8221;10px&#8221;][\/vc_column][\/vc_row]<\/p>\n","protected":false},"author":1,"featured_media":0,"parent":0,"menu_order":0,"comment_status":"closed","ping_status":"closed","template":"","meta":[],"yoast_head":"<!-- This site is optimized with the Yoast SEO plugin v18.4.1 - https:\/\/yoast.com\/wordpress\/plugins\/seo\/ -->\n<title>Outils et service de calcul et contr\u00f4le des royalties disques (vente, license)<\/title>\n<meta name=\"description\" content=\"Wimake - calcul et contr\u00f4le des droits d\u2019utilisations secondaires discographiques et \u00e9ditoriaux, calcul et contr\u00f4le des reversements\" \/>\n<meta name=\"robots\" content=\"index, follow, max-snippet:-1, max-image-preview:large, max-video-preview:-1\" \/>\n<link rel=\"canonical\" href=\"https:\/\/www.wiredcpa.com\/fr\/wimake\/\" \/>\n<meta property=\"og:locale\" content=\"fr_FR\" \/>\n<meta property=\"og:type\" content=\"article\" \/>\n<meta property=\"og:title\" content=\"Outils et service de calcul et contr\u00f4le des royalties disques (vente, license)\" \/>\n<meta property=\"og:description\" content=\"Wimake - calcul et contr\u00f4le des droits d\u2019utilisations secondaires discographiques et \u00e9ditoriaux, calcul et contr\u00f4le des reversements\" \/>\n<meta property=\"og:url\" content=\"https:\/\/www.wiredcpa.com\/fr\/wimake\/\" \/>\n<meta property=\"og:site_name\" content=\"Wired\" \/>\n<meta property=\"article:publisher\" content=\"https:\/\/www.facebook.com\/wiredcpa\/\" \/>\n<meta property=\"article:modified_time\" content=\"2020-12-10T13:53:14+00:00\" \/>\n<meta property=\"og:image\" content=\"https:\/\/www.wiredcpa.com\/wp-content\/uploads\/2020\/12\/wired-compta-musique.png\" \/>\n\t<meta property=\"og:image:width\" content=\"2363\" \/>\n\t<meta property=\"og:image:height\" content=\"708\" \/>\n\t<meta property=\"og:image:type\" content=\"image\/png\" \/>\n<meta name=\"twitter:card\" content=\"summary_large_image\" \/>\n<script type=\"application\/ld+json\" class=\"yoast-schema-graph\">{\"@context\":\"https:\/\/schema.org\",\"@graph\":[{\"@type\":\"Organization\",\"@id\":\"https:\/\/www.wiredcpa.com\/fr\/#organization\",\"name\":\"Wired Expertise Comptable - Musique, Label & Artistes\",\"url\":\"https:\/\/www.wiredcpa.com\/fr\/\",\"sameAs\":[\"https:\/\/www.facebook.com\/wiredcpa\/\"],\"logo\":{\"@type\":\"ImageObject\",\"@id\":\"https:\/\/www.wiredcpa.com\/fr\/#logo\",\"inLanguage\":\"fr-FR\",\"url\":\"https:\/\/www.wiredcpa.com\/wp-content\/uploads\/2020\/12\/wired-compta-musique.png\",\"contentUrl\":\"https:\/\/www.wiredcpa.com\/wp-content\/uploads\/2020\/12\/wired-compta-musique.png\",\"width\":2363,\"height\":708,\"caption\":\"Wired Expertise Comptable - Musique, Label & Artistes\"},\"image\":{\"@id\":\"https:\/\/www.wiredcpa.com\/fr\/#logo\"}},{\"@type\":\"WebSite\",\"@id\":\"https:\/\/www.wiredcpa.com\/fr\/#website\",\"url\":\"https:\/\/www.wiredcpa.com\/fr\/\",\"name\":\"Wired\",\"description\":\"Business sounds better with us\",\"publisher\":{\"@id\":\"https:\/\/www.wiredcpa.com\/fr\/#organization\"},\"potentialAction\":[{\"@type\":\"SearchAction\",\"target\":{\"@type\":\"EntryPoint\",\"urlTemplate\":\"https:\/\/www.wiredcpa.com\/fr\/?s={search_term_string}\"},\"query-input\":\"required name=search_term_string\"}],\"inLanguage\":\"fr-FR\"},{\"@type\":\"WebPage\",\"@id\":\"https:\/\/www.wiredcpa.com\/fr\/wimake\/#webpage\",\"url\":\"https:\/\/www.wiredcpa.com\/fr\/wimake\/\",\"name\":\"Outils et service de calcul et contr\u00f4le des royalties disques (vente, license)\",\"isPartOf\":{\"@id\":\"https:\/\/www.wiredcpa.com\/fr\/#website\"},\"datePublished\":\"2019-01-05T12:32:34+00:00\",\"dateModified\":\"2020-12-10T13:53:14+00:00\",\"description\":\"Wimake - calcul et contr\u00f4le des droits d\u2019utilisations secondaires discographiques et \u00e9ditoriaux, calcul et contr\u00f4le des reversements\",\"breadcrumb\":{\"@id\":\"https:\/\/www.wiredcpa.com\/fr\/wimake\/#breadcrumb\"},\"inLanguage\":\"fr-FR\",\"potentialAction\":[{\"@type\":\"ReadAction\",\"target\":[\"https:\/\/www.wiredcpa.com\/fr\/wimake\/\"]}]},{\"@type\":\"BreadcrumbList\",\"@id\":\"https:\/\/www.wiredcpa.com\/fr\/wimake\/#breadcrumb\",\"itemListElement\":[{\"@type\":\"ListItem\",\"position\":1,\"name\":\"Accueil\",\"item\":\"https:\/\/www.wiredcpa.com\/fr\/\"},{\"@type\":\"ListItem\",\"position\":2,\"name\":\"WiMake\"}]}]}<\/script>\n<!-- \/ Yoast SEO plugin. -->","yoast_head_json":{"title":"Outils et service de calcul et contr\u00f4le des royalties disques (vente, license)","description":"Wimake - calcul et contr\u00f4le des droits d\u2019utilisations secondaires discographiques et \u00e9ditoriaux, calcul et contr\u00f4le des reversements","robots":{"index":"index","follow":"follow","max-snippet":"max-snippet:-1","max-image-preview":"max-image-preview:large","max-video-preview":"max-video-preview:-1"},"canonical":"https:\/\/www.wiredcpa.com\/fr\/wimake\/","og_locale":"fr_FR","og_type":"article","og_title":"Outils et service de calcul et contr\u00f4le des royalties disques (vente, license)","og_description":"Wimake - calcul et contr\u00f4le des droits d\u2019utilisations secondaires discographiques et \u00e9ditoriaux, calcul et contr\u00f4le des reversements","og_url":"https:\/\/www.wiredcpa.com\/fr\/wimake\/","og_site_name":"Wired","article_publisher":"https:\/\/www.facebook.com\/wiredcpa\/","article_modified_time":"2020-12-10T13:53:14+00:00","og_image":[{"width":2363,"height":708,"url":"https:\/\/www.wiredcpa.com\/wp-content\/uploads\/2020\/12\/wired-compta-musique.png","type":"image\/png"}],"twitter_card":"summary_large_image","schema":{"@context":"https:\/\/schema.org","@graph":[{"@type":"Organization","@id":"https:\/\/www.wiredcpa.com\/fr\/#organization","name":"Wired Expertise Comptable - Musique, Label & Artistes","url":"https:\/\/www.wiredcpa.com\/fr\/","sameAs":["https:\/\/www.facebook.com\/wiredcpa\/"],"logo":{"@type":"ImageObject","@id":"https:\/\/www.wiredcpa.com\/fr\/#logo","inLanguage":"fr-FR","url":"https:\/\/www.wiredcpa.com\/wp-content\/uploads\/2020\/12\/wired-compta-musique.png","contentUrl":"https:\/\/www.wiredcpa.com\/wp-content\/uploads\/2020\/12\/wired-compta-musique.png","width":2363,"height":708,"caption":"Wired Expertise Comptable - Musique, Label & Artistes"},"image":{"@id":"https:\/\/www.wiredcpa.com\/fr\/#logo"}},{"@type":"WebSite","@id":"https:\/\/www.wiredcpa.com\/fr\/#website","url":"https:\/\/www.wiredcpa.com\/fr\/","name":"Wired","description":"Business sounds better with us","publisher":{"@id":"https:\/\/www.wiredcpa.com\/fr\/#organization"},"potentialAction":[{"@type":"SearchAction","target":{"@type":"EntryPoint","urlTemplate":"https:\/\/www.wiredcpa.com\/fr\/?s={search_term_string}"},"query-input":"required name=search_term_string"}],"inLanguage":"fr-FR"},{"@type":"WebPage","@id":"https:\/\/www.wiredcpa.com\/fr\/wimake\/#webpage","url":"https:\/\/www.wiredcpa.com\/fr\/wimake\/","name":"Outils et service de calcul et contr\u00f4le des royalties disques (vente, license)","isPartOf":{"@id":"https:\/\/www.wiredcpa.com\/fr\/#website"},"datePublished":"2019-01-05T12:32:34+00:00","dateModified":"2020-12-10T13:53:14+00:00","description":"Wimake - calcul et contr\u00f4le des droits d\u2019utilisations secondaires discographiques et \u00e9ditoriaux, calcul et contr\u00f4le des reversements","breadcrumb":{"@id":"https:\/\/www.wiredcpa.com\/fr\/wimake\/#breadcrumb"},"inLanguage":"fr-FR","potentialAction":[{"@type":"ReadAction","target":["https:\/\/www.wiredcpa.com\/fr\/wimake\/"]}]},{"@type":"BreadcrumbList","@id":"https:\/\/www.wiredcpa.com\/fr\/wimake\/#breadcrumb","itemListElement":[{"@type":"ListItem","position":1,"name":"Accueil","item":"https:\/\/www.wiredcpa.com\/fr\/"},{"@type":"ListItem","position":2,"name":"WiMake"}]}]}},"_links":{"self":[{"href":"https:\/\/www.wiredcpa.com\/fr\/wp-json\/wp\/v2\/pages\/315"}],"collection":[{"href":"https:\/\/www.wiredcpa.com\/fr\/wp-json\/wp\/v2\/pages"}],"about":[{"href":"https:\/\/www.wiredcpa.com\/fr\/wp-json\/wp\/v2\/types\/page"}],"author":[{"embeddable":true,"href":"https:\/\/www.wiredcpa.com\/fr\/wp-json\/wp\/v2\/users\/1"}],"replies":[{"embeddable":true,"href":"https:\/\/www.wiredcpa.com\/fr\/wp-json\/wp\/v2\/comments?post=315"}],"version-history":[{"count":4,"href":"https:\/\/www.wiredcpa.com\/fr\/wp-json\/wp\/v2\/pages\/315\/revisions"}],"predecessor-version":[{"id":347,"href":"https:\/\/www.wiredcpa.com\/fr\/wp-json\/wp\/v2\/pages\/315\/revisions\/347"}],"wp:attachment":[{"href":"https:\/\/www.wiredcpa.com\/fr\/wp-json\/wp\/v2\/media?parent=315"}],"curies":[{"name":"wp","href":"https:\/\/api.w.org\/{rel}","templated":true}]}}