{"id":311,"date":"2019-01-05T13:30:47","date_gmt":"2019-01-05T12:30:47","guid":{"rendered":"https:\/\/www.wiredcpa.com\/?page_id=311"},"modified":"2024-01-12T13:33:42","modified_gmt":"2024-01-12T12:33:42","slug":"wired-musique","status":"publish","type":"page","link":"https:\/\/www.wiredcpa.com\/fr\/wired-musique\/","title":{"rendered":"Wired Musique"},"content":{"rendered":"<p>[vc_row bg_image=&#8221;341&#8243; parallax_bg=&#8221;true&#8221; bg_color=&#8221;#f9f9f9&#8243; text_color=&#8221;light&#8221; top_padding=&#8221;100&#8243; bottom_padding=&#8221;100&#8243;][vc_column width=&#8221;1\/1&#8243;][vc_empty_space height=&#8221;200px&#8221;][\/vc_column][\/vc_row][vc_row][vc_column column_padding=&#8221;padding-3&#8243; column_center=&#8221;true&#8221; text_align=&#8221;center&#8221; width=&#8221;1\/6&#8243;][vc_empty_space height=&#8221;10px&#8221;][\/vc_column][vc_column width=&#8221;2\/3&#8243;][vc_empty_space height=&#8221;40px&#8221;]<h1 class=\"headline font-special fontsize-xl fontweight-700 lh-13 align-left transform-inherit coversport\" style=\"margin: 0 0 20px 0; color: #d39a4f;\">L&#8217;industrie musicale<\/h1><div class=\"divider divider5\" style='margin:10px 0 25px 0 !important;'><\/div>[vc_column_text]<\/p>\n<p style=\"text-align: left;\"><span style=\"font-weight: 400;\">Tous les m\u00e9tiers et secteurs d\u2019activit\u00e9 pr\u00e9sentent des particularit\u00e9s<\/span><span style=\"font-weight: 400;\">. <\/span><span style=\"font-weight: 400;\">Il est tr\u00e8s recommand\u00e9 d\u2019avoir recours \u00e0 un expert comptable et le cas \u00e9ch\u00e9ant un commissaire aux comptes ayant une r\u00e9elle exp\u00e9rience du domaine concern\u00e9. <\/span><\/p>\n<p style=\"text-align: left;\"><span style=\"font-weight: 400;\">C\u2019est particuli\u00e8rement vrai du secteur musical, en raison de la diversit\u00e9 des intervenants et des contrats et de la quasi-absence de documentation comptable et fiscale \u00e0 ce sujet.<\/span><\/p>\n<p style=\"text-align: left;\"><span style=\"font-weight: 400;\">En dehors des missions classiques qu\u2019un expert-comptable ou un commissaire aux comptes sont susceptibles de fournir \u00e0 l\u2019ensemble de leurs clients, nous avons d\u00e9velopp\u00e9 un savoir-faire sp\u00e9cifique dans les domaines suivants et les avons adapt\u00e9s au sp\u00e9cificit\u00e9s des m\u00e9tiers de la musique (production, \u00e9dition, distribution terrestre ou on-line, spectacle vivant, salles de spectacle, managers\u2026). Nous intervenons \u00e9galement pour le compte de soci\u00e9t\u00e9s civiles du secteur, ainsi que dans le cadre d\u2019audit d\u2019acquisition pour de tr\u00e8s grandes entreprises du secteur.<\/span><\/p>\n<p>[\/vc_column_text][\/vc_column][vc_column width=&#8221;1\/6&#8243;][vc_empty_space height=&#8221;10px&#8221;][\/vc_column][\/vc_row][vc_row type=&#8221;full_width_section&#8221; bg_color=&#8221;#707070&#8243; text_color=&#8221;light&#8221; bg_position=&#8221;left top&#8221;][vc_column column_padding=&#8221;padding-5&#8243; width=&#8221;1\/3&#8243;]<h2 class=\"headline font-special fontsize-m fontweight-700 lh-13 align-left transform-inherit coversport\" style=\"margin: 0 0 20px 0; color: #222222;\">Contr\u00f4le de gestion<\/h2><div class=\"divider divider5\" style='margin:10px 0 25px 0 !important;'><\/div>[vc_column_text]<\/p>\n<ul>\n<li style=\"font-weight: 400;\"><span style=\"font-weight: 400;\">Analyse \u00e9conomique du r\u00e9sultat comptable<\/span><\/li>\n<li style=\"font-weight: 400;\"><span style=\"font-weight: 400;\">Pr\u00e9vision de rentabilit\u00e9<\/span><\/li>\n<li style=\"font-weight: 400;\"><span style=\"font-weight: 400;\">Pr\u00e9visions de tr\u00e9sorerie et d\u00e9termination du besoin en fonds de roulement<\/span><\/li>\n<li style=\"font-weight: 400;\"><span style=\"font-weight: 400;\">Reporting p\u00e9riodique<\/span><\/li>\n<li style=\"font-weight: 400;\"><span style=\"font-weight: 400;\">Business plan<\/span><\/li>\n<li style=\"font-weight: 400;\"><span style=\"font-weight: 400;\">Tax planning<\/span><\/li>\n<\/ul>\n<p>[\/vc_column_text][\/vc_column][vc_column bg_color=&#8221;#222222&#8243; column_padding=&#8221;padding-5&#8243; width=&#8221;1\/3&#8243;]<h2 class=\"headline font-special fontsize-m fontweight-700 lh-13 align-left transform-inherit coversport\" style=\"margin: 0 0 20px 0; color: #ffffff;\">Financement<\/h2><div class=\"divider divider5\" style='margin:10px 0 25px 0 !important;'><\/div>[vc_column_text]<\/p>\n<ul>\n<li style=\"font-weight: 400;\"><span style=\"font-weight: 400;\">Dossier d\u2019emprunt bancaire, dont Fonds d\u2019Avance de l\u2019IFCIC<\/span><\/li>\n<li style=\"font-weight: 400;\"><span style=\"font-weight: 400;\">Dossier cr\u00e9dit d\u2019imp\u00f4t production et promotion musique (40% de vos frais)<\/span><\/li>\n<li style=\"font-weight: 400;\"><span style=\"font-weight: 400;\">Dossiers de subventions (production, \u00e9dition, distribution, spectacle\u2026)<\/span><\/li>\n<li style=\"font-weight: 400;\"><span style=\"font-weight: 400;\">Transmission de l\u2019entreprise aux salari\u00e9s ou \u00e0 la famille (RES\/LBO)<\/span><\/li>\n<li style=\"font-weight: 400;\"><span style=\"font-weight: 400;\">Optimisation financi\u00e8re et fiscale au sein des groupes<\/span><\/li>\n<li style=\"font-weight: 400;\"><span style=\"font-weight: 400;\">Cession et acquisition d\u2019entreprises<\/span><\/li>\n<li style=\"font-weight: 400;\"><span style=\"font-weight: 400;\">Cession et acquisition de catalogues phonographiques ou \u00e9ditoriaux<\/span><\/li>\n<li style=\"font-weight: 400;\"><span style=\"font-weight: 400;\">D\u00e9p\u00f4t de bilan et plan de redressement<\/span><\/li>\n<\/ul>\n<p>[\/vc_column_text][\/vc_column][vc_column bg_color=&#8221;#d6d6d6&#8243; column_padding=&#8221;padding-5&#8243; width=&#8221;1\/3&#8243;]<h2 class=\"headline font-special fontsize-m fontweight-700 lh-13 align-left transform-inherit coversport\" style=\"margin: 0 0 20px 0; color: #222222;\">Missions sp\u00e9cifiques<\/h2><div class=\"divider divider5\" style='margin:10px 0 25px 0 !important;'><\/div>[vc_column_text]<\/p>\n<h6><span style=\"color: #222222;\">Autres missions sp\u00e9cifiques au secteur musical<\/span><\/h6>\n<ul>\n<li style=\"font-weight: 400;\"><span style=\"font-weight: 400; color: #222222;\">Etablissement de d\u00e9comptes de redevances<\/span><\/li>\n<li style=\"font-weight: 400;\"><span style=\"font-weight: 400; color: #222222;\">Audits de royalties (pour le compte d\u2019un producteur chez un distributeur, artiste chez un producteur\u2026)<\/span><\/li>\n<li style=\"font-weight: 400;\"><span style=\"font-weight: 400; color: #222222;\">Paye des intermittents du spectacle<\/span><\/li>\n<li style=\"font-weight: 400;\"><span style=\"font-weight: 400; color: #222222;\">D\u00e9clarations fiscales (en particulier imp\u00f4t sur le revenu) et sociales des artistes<\/span><\/li>\n<li style=\"font-weight: 400;\"><span style=\"font-weight: 400; color: #222222;\">Audits d\u2019acquisition d\u2019entreprise<\/span><\/li>\n<li style=\"font-weight: 400;\"><span style=\"font-weight: 400; color: #222222;\">Evaluations de catalogues \u00e9ditoriaux et phonographiques<\/span><\/li>\n<\/ul>\n<p>[\/vc_column_text][\/vc_column][\/vc_row]<\/p>\n","protected":false},"excerpt":{"rendered":"<p>[vc_row bg_image=&#8221;341&#8243; parallax_bg=&#8221;true&#8221; bg_color=&#8221;#f9f9f9&#8243; text_color=&#8221;light&#8221; top_padding=&#8221;100&#8243; bottom_padding=&#8221;100&#8243;][vc_column width=&#8221;1\/1&#8243;][vc_empty_space height=&#8221;200px&#8221;][\/vc_column][\/vc_row][vc_row][vc_column column_padding=&#8221;padding-3&#8243; column_center=&#8221;true&#8221; text_align=&#8221;center&#8221; width=&#8221;1\/6&#8243;][vc_empty_space height=&#8221;10px&#8221;][\/vc_column][vc_column width=&#8221;2\/3&#8243;][vc_empty_space height=&#8221;40px&#8221;][vc_column_text] Tous les m\u00e9tiers et secteurs d\u2019activit\u00e9 pr\u00e9sentent des particularit\u00e9s. Il est tr\u00e8s recommand\u00e9 d\u2019avoir recours \u00e0 un expert comptable et le cas \u00e9ch\u00e9ant un commissaire aux comptes ayant une r\u00e9elle exp\u00e9rience du domaine concern\u00e9. C\u2019est particuli\u00e8rement vrai du secteur musical, en raison de la diversit\u00e9 des intervenants et des contrats et de la quasi-absence de documentation comptable et fiscale \u00e0 ce sujet. En dehors des missions classiques qu\u2019un expert-comptable ou un commissaire aux comptes sont susceptibles de fournir \u00e0 l\u2019ensemble de leurs clients, nous avons d\u00e9velopp\u00e9 un savoir-faire sp\u00e9cifique dans les domaines suivants et les avons adapt\u00e9s au sp\u00e9cificit\u00e9s des m\u00e9tiers de la musique (production, \u00e9dition, distribution terrestre ou on-line, spectacle vivant, salles de spectacle, managers\u2026). Nous intervenons \u00e9galement pour le compte de soci\u00e9t\u00e9s civiles du secteur, ainsi que dans le cadre d\u2019audit d\u2019acquisition pour de tr\u00e8s grandes entreprises du secteur. [\/vc_column_text][\/vc_column][vc_column width=&#8221;1\/6&#8243;][vc_empty_space height=&#8221;10px&#8221;][\/vc_column][\/vc_row][vc_row type=&#8221;full_width_section&#8221; bg_color=&#8221;#707070&#8243; text_color=&#8221;light&#8221; bg_position=&#8221;left top&#8221;][vc_column column_padding=&#8221;padding-5&#8243; width=&#8221;1\/3&#8243;][vc_column_text] Analyse \u00e9conomique du r\u00e9sultat comptable Pr\u00e9vision de rentabilit\u00e9 Pr\u00e9visions de tr\u00e9sorerie et d\u00e9termination du besoin en fonds de roulement Reporting p\u00e9riodique Business plan Tax planning [\/vc_column_text][\/vc_column][vc_column bg_color=&#8221;#222222&#8243; column_padding=&#8221;padding-5&#8243; width=&#8221;1\/3&#8243;][vc_column_text] Dossier d\u2019emprunt bancaire, dont [&hellip;]<\/p>\n","protected":false},"author":1,"featured_media":0,"parent":0,"menu_order":0,"comment_status":"closed","ping_status":"closed","template":"","meta":[],"yoast_head":"<!-- This site is optimized with the Yoast SEO plugin v18.4.1 - https:\/\/yoast.com\/wordpress\/plugins\/seo\/ -->\n<title>Wired Musique - Wired<\/title>\n<meta name=\"robots\" content=\"index, follow, max-snippet:-1, max-image-preview:large, max-video-preview:-1\" \/>\n<link rel=\"canonical\" href=\"https:\/\/www.wiredcpa.com\/fr\/wired-musique\/\" \/>\n<meta property=\"og:locale\" content=\"fr_FR\" \/>\n<meta property=\"og:type\" content=\"article\" \/>\n<meta property=\"og:title\" content=\"Wired Musique - Wired\" \/>\n<meta property=\"og:description\" content=\"[vc_row bg_image=&#8221;341&#8243; parallax_bg=&#8221;true&#8221; bg_color=&#8221;#f9f9f9&#8243; text_color=&#8221;light&#8221; top_padding=&#8221;100&#8243; bottom_padding=&#8221;100&#8243;][vc_column width=&#8221;1\/1&#8243;][vc_empty_space height=&#8221;200px&#8221;][\/vc_column][\/vc_row][vc_row][vc_column column_padding=&#8221;padding-3&#8243; column_center=&#8221;true&#8221; text_align=&#8221;center&#8221; width=&#8221;1\/6&#8243;][vc_empty_space height=&#8221;10px&#8221;][\/vc_column][vc_column width=&#8221;2\/3&#8243;][vc_empty_space height=&#8221;40px&#8221;][vc_column_text] Tous les m\u00e9tiers et secteurs d\u2019activit\u00e9 pr\u00e9sentent des particularit\u00e9s. Il est tr\u00e8s recommand\u00e9 d\u2019avoir recours \u00e0 un expert comptable et le cas \u00e9ch\u00e9ant un commissaire aux comptes ayant une r\u00e9elle exp\u00e9rience du domaine concern\u00e9. C\u2019est particuli\u00e8rement vrai du secteur musical, en raison de la diversit\u00e9 des intervenants et des contrats et de la quasi-absence de documentation comptable et fiscale \u00e0 ce sujet. En dehors des missions classiques qu\u2019un expert-comptable ou un commissaire aux comptes sont susceptibles de fournir \u00e0 l\u2019ensemble de leurs clients, nous avons d\u00e9velopp\u00e9 un savoir-faire sp\u00e9cifique dans les domaines suivants et les avons adapt\u00e9s au sp\u00e9cificit\u00e9s des m\u00e9tiers de la musique (production, \u00e9dition, distribution terrestre ou on-line, spectacle vivant, salles de spectacle, managers\u2026). Nous intervenons \u00e9galement pour le compte de soci\u00e9t\u00e9s civiles du secteur, ainsi que dans le cadre d\u2019audit d\u2019acquisition pour de tr\u00e8s grandes entreprises du secteur. [\/vc_column_text][\/vc_column][vc_column width=&#8221;1\/6&#8243;][vc_empty_space height=&#8221;10px&#8221;][\/vc_column][\/vc_row][vc_row type=&#8221;full_width_section&#8221; bg_color=&#8221;#707070&#8243; text_color=&#8221;light&#8221; bg_position=&#8221;left top&#8221;][vc_column column_padding=&#8221;padding-5&#8243; width=&#8221;1\/3&#8243;][vc_column_text] Analyse \u00e9conomique du r\u00e9sultat comptable Pr\u00e9vision de rentabilit\u00e9 Pr\u00e9visions de tr\u00e9sorerie et d\u00e9termination du besoin en fonds de roulement Reporting p\u00e9riodique Business plan Tax planning [\/vc_column_text][\/vc_column][vc_column bg_color=&#8221;#222222&#8243; column_padding=&#8221;padding-5&#8243; width=&#8221;1\/3&#8243;][vc_column_text] Dossier d\u2019emprunt bancaire, dont [&hellip;]\" \/>\n<meta property=\"og:url\" content=\"https:\/\/www.wiredcpa.com\/fr\/wired-musique\/\" \/>\n<meta property=\"og:site_name\" content=\"Wired\" \/>\n<meta property=\"article:publisher\" content=\"https:\/\/www.facebook.com\/wiredcpa\/\" \/>\n<meta property=\"article:modified_time\" content=\"2024-01-12T12:33:42+00:00\" \/>\n<meta property=\"og:image\" content=\"https:\/\/www.wiredcpa.com\/wp-content\/uploads\/2020\/12\/wired-compta-musique.png\" \/>\n\t<meta property=\"og:image:width\" content=\"2363\" \/>\n\t<meta property=\"og:image:height\" content=\"708\" \/>\n\t<meta property=\"og:image:type\" content=\"image\/png\" \/>\n<meta name=\"twitter:card\" content=\"summary_large_image\" \/>\n<script type=\"application\/ld+json\" class=\"yoast-schema-graph\">{\"@context\":\"https:\/\/schema.org\",\"@graph\":[{\"@type\":\"Organization\",\"@id\":\"https:\/\/www.wiredcpa.com\/fr\/#organization\",\"name\":\"Wired Expertise Comptable - Musique, Label & Artistes\",\"url\":\"https:\/\/www.wiredcpa.com\/fr\/\",\"sameAs\":[\"https:\/\/www.facebook.com\/wiredcpa\/\"],\"logo\":{\"@type\":\"ImageObject\",\"@id\":\"https:\/\/www.wiredcpa.com\/fr\/#logo\",\"inLanguage\":\"fr-FR\",\"url\":\"https:\/\/www.wiredcpa.com\/wp-content\/uploads\/2020\/12\/wired-compta-musique.png\",\"contentUrl\":\"https:\/\/www.wiredcpa.com\/wp-content\/uploads\/2020\/12\/wired-compta-musique.png\",\"width\":2363,\"height\":708,\"caption\":\"Wired Expertise Comptable - Musique, Label & Artistes\"},\"image\":{\"@id\":\"https:\/\/www.wiredcpa.com\/fr\/#logo\"}},{\"@type\":\"WebSite\",\"@id\":\"https:\/\/www.wiredcpa.com\/fr\/#website\",\"url\":\"https:\/\/www.wiredcpa.com\/fr\/\",\"name\":\"Wired\",\"description\":\"Business sounds better with us\",\"publisher\":{\"@id\":\"https:\/\/www.wiredcpa.com\/fr\/#organization\"},\"potentialAction\":[{\"@type\":\"SearchAction\",\"target\":{\"@type\":\"EntryPoint\",\"urlTemplate\":\"https:\/\/www.wiredcpa.com\/fr\/?s={search_term_string}\"},\"query-input\":\"required name=search_term_string\"}],\"inLanguage\":\"fr-FR\"},{\"@type\":\"WebPage\",\"@id\":\"https:\/\/www.wiredcpa.com\/fr\/wired-musique\/#webpage\",\"url\":\"https:\/\/www.wiredcpa.com\/fr\/wired-musique\/\",\"name\":\"Wired Musique - Wired\",\"isPartOf\":{\"@id\":\"https:\/\/www.wiredcpa.com\/fr\/#website\"},\"datePublished\":\"2019-01-05T12:30:47+00:00\",\"dateModified\":\"2024-01-12T12:33:42+00:00\",\"breadcrumb\":{\"@id\":\"https:\/\/www.wiredcpa.com\/fr\/wired-musique\/#breadcrumb\"},\"inLanguage\":\"fr-FR\",\"potentialAction\":[{\"@type\":\"ReadAction\",\"target\":[\"https:\/\/www.wiredcpa.com\/fr\/wired-musique\/\"]}]},{\"@type\":\"BreadcrumbList\",\"@id\":\"https:\/\/www.wiredcpa.com\/fr\/wired-musique\/#breadcrumb\",\"itemListElement\":[{\"@type\":\"ListItem\",\"position\":1,\"name\":\"Accueil\",\"item\":\"https:\/\/www.wiredcpa.com\/fr\/\"},{\"@type\":\"ListItem\",\"position\":2,\"name\":\"Wired Musique\"}]}]}<\/script>\n<!-- \/ Yoast SEO plugin. -->","yoast_head_json":{"title":"Wired Musique - Wired","robots":{"index":"index","follow":"follow","max-snippet":"max-snippet:-1","max-image-preview":"max-image-preview:large","max-video-preview":"max-video-preview:-1"},"canonical":"https:\/\/www.wiredcpa.com\/fr\/wired-musique\/","og_locale":"fr_FR","og_type":"article","og_title":"Wired Musique - Wired","og_description":"[vc_row bg_image=&#8221;341&#8243; parallax_bg=&#8221;true&#8221; bg_color=&#8221;#f9f9f9&#8243; text_color=&#8221;light&#8221; top_padding=&#8221;100&#8243; bottom_padding=&#8221;100&#8243;][vc_column width=&#8221;1\/1&#8243;][vc_empty_space height=&#8221;200px&#8221;][\/vc_column][\/vc_row][vc_row][vc_column column_padding=&#8221;padding-3&#8243; column_center=&#8221;true&#8221; text_align=&#8221;center&#8221; width=&#8221;1\/6&#8243;][vc_empty_space height=&#8221;10px&#8221;][\/vc_column][vc_column width=&#8221;2\/3&#8243;][vc_empty_space height=&#8221;40px&#8221;][vc_column_text] Tous les m\u00e9tiers et secteurs d\u2019activit\u00e9 pr\u00e9sentent des particularit\u00e9s. Il est tr\u00e8s recommand\u00e9 d\u2019avoir recours \u00e0 un expert comptable et le cas \u00e9ch\u00e9ant un commissaire aux comptes ayant une r\u00e9elle exp\u00e9rience du domaine concern\u00e9. C\u2019est particuli\u00e8rement vrai du secteur musical, en raison de la diversit\u00e9 des intervenants et des contrats et de la quasi-absence de documentation comptable et fiscale \u00e0 ce sujet. En dehors des missions classiques qu\u2019un expert-comptable ou un commissaire aux comptes sont susceptibles de fournir \u00e0 l\u2019ensemble de leurs clients, nous avons d\u00e9velopp\u00e9 un savoir-faire sp\u00e9cifique dans les domaines suivants et les avons adapt\u00e9s au sp\u00e9cificit\u00e9s des m\u00e9tiers de la musique (production, \u00e9dition, distribution terrestre ou on-line, spectacle vivant, salles de spectacle, managers\u2026). Nous intervenons \u00e9galement pour le compte de soci\u00e9t\u00e9s civiles du secteur, ainsi que dans le cadre d\u2019audit d\u2019acquisition pour de tr\u00e8s grandes entreprises du secteur. [\/vc_column_text][\/vc_column][vc_column width=&#8221;1\/6&#8243;][vc_empty_space height=&#8221;10px&#8221;][\/vc_column][\/vc_row][vc_row type=&#8221;full_width_section&#8221; bg_color=&#8221;#707070&#8243; text_color=&#8221;light&#8221; bg_position=&#8221;left top&#8221;][vc_column column_padding=&#8221;padding-5&#8243; width=&#8221;1\/3&#8243;][vc_column_text] Analyse \u00e9conomique du r\u00e9sultat comptable Pr\u00e9vision de rentabilit\u00e9 Pr\u00e9visions de tr\u00e9sorerie et d\u00e9termination du besoin en fonds de roulement Reporting p\u00e9riodique Business plan Tax planning [\/vc_column_text][\/vc_column][vc_column bg_color=&#8221;#222222&#8243; column_padding=&#8221;padding-5&#8243; width=&#8221;1\/3&#8243;][vc_column_text] Dossier d\u2019emprunt bancaire, dont [&hellip;]","og_url":"https:\/\/www.wiredcpa.com\/fr\/wired-musique\/","og_site_name":"Wired","article_publisher":"https:\/\/www.facebook.com\/wiredcpa\/","article_modified_time":"2024-01-12T12:33:42+00:00","og_image":[{"width":2363,"height":708,"url":"https:\/\/www.wiredcpa.com\/wp-content\/uploads\/2020\/12\/wired-compta-musique.png","type":"image\/png"}],"twitter_card":"summary_large_image","schema":{"@context":"https:\/\/schema.org","@graph":[{"@type":"Organization","@id":"https:\/\/www.wiredcpa.com\/fr\/#organization","name":"Wired Expertise Comptable - Musique, Label & Artistes","url":"https:\/\/www.wiredcpa.com\/fr\/","sameAs":["https:\/\/www.facebook.com\/wiredcpa\/"],"logo":{"@type":"ImageObject","@id":"https:\/\/www.wiredcpa.com\/fr\/#logo","inLanguage":"fr-FR","url":"https:\/\/www.wiredcpa.com\/wp-content\/uploads\/2020\/12\/wired-compta-musique.png","contentUrl":"https:\/\/www.wiredcpa.com\/wp-content\/uploads\/2020\/12\/wired-compta-musique.png","width":2363,"height":708,"caption":"Wired Expertise Comptable - Musique, Label & Artistes"},"image":{"@id":"https:\/\/www.wiredcpa.com\/fr\/#logo"}},{"@type":"WebSite","@id":"https:\/\/www.wiredcpa.com\/fr\/#website","url":"https:\/\/www.wiredcpa.com\/fr\/","name":"Wired","description":"Business sounds better with us","publisher":{"@id":"https:\/\/www.wiredcpa.com\/fr\/#organization"},"potentialAction":[{"@type":"SearchAction","target":{"@type":"EntryPoint","urlTemplate":"https:\/\/www.wiredcpa.com\/fr\/?s={search_term_string}"},"query-input":"required name=search_term_string"}],"inLanguage":"fr-FR"},{"@type":"WebPage","@id":"https:\/\/www.wiredcpa.com\/fr\/wired-musique\/#webpage","url":"https:\/\/www.wiredcpa.com\/fr\/wired-musique\/","name":"Wired Musique - Wired","isPartOf":{"@id":"https:\/\/www.wiredcpa.com\/fr\/#website"},"datePublished":"2019-01-05T12:30:47+00:00","dateModified":"2024-01-12T12:33:42+00:00","breadcrumb":{"@id":"https:\/\/www.wiredcpa.com\/fr\/wired-musique\/#breadcrumb"},"inLanguage":"fr-FR","potentialAction":[{"@type":"ReadAction","target":["https:\/\/www.wiredcpa.com\/fr\/wired-musique\/"]}]},{"@type":"BreadcrumbList","@id":"https:\/\/www.wiredcpa.com\/fr\/wired-musique\/#breadcrumb","itemListElement":[{"@type":"ListItem","position":1,"name":"Accueil","item":"https:\/\/www.wiredcpa.com\/fr\/"},{"@type":"ListItem","position":2,"name":"Wired Musique"}]}]}},"_links":{"self":[{"href":"https:\/\/www.wiredcpa.com\/fr\/wp-json\/wp\/v2\/pages\/311"}],"collection":[{"href":"https:\/\/www.wiredcpa.com\/fr\/wp-json\/wp\/v2\/pages"}],"about":[{"href":"https:\/\/www.wiredcpa.com\/fr\/wp-json\/wp\/v2\/types\/page"}],"author":[{"embeddable":true,"href":"https:\/\/www.wiredcpa.com\/fr\/wp-json\/wp\/v2\/users\/1"}],"replies":[{"embeddable":true,"href":"https:\/\/www.wiredcpa.com\/fr\/wp-json\/wp\/v2\/comments?post=311"}],"version-history":[{"count":4,"href":"https:\/\/www.wiredcpa.com\/fr\/wp-json\/wp\/v2\/pages\/311\/revisions"}],"predecessor-version":[{"id":1125,"href":"https:\/\/www.wiredcpa.com\/fr\/wp-json\/wp\/v2\/pages\/311\/revisions\/1125"}],"wp:attachment":[{"href":"https:\/\/www.wiredcpa.com\/fr\/wp-json\/wp\/v2\/media?parent=311"}],"curies":[{"name":"wp","href":"https:\/\/api.w.org\/{rel}","templated":true}]}}