{"id":303,"date":"2019-01-05T13:26:38","date_gmt":"2019-01-05T12:26:38","guid":{"rendered":"https:\/\/www.wiredcpa.com\/?page_id=303"},"modified":"2025-09-01T15:10:39","modified_gmt":"2025-09-01T14:10:39","slug":"home","status":"publish","type":"page","link":"https:\/\/www.wiredcpa.com\/fr\/","title":{"rendered":"Home"},"content":{"rendered":"<p>[vc_row type=&#8221;full_width_section&#8221; row_id=&#8221;#top&#8221; bg_position=&#8221;left top&#8221;][vc_column width=&#8221;1\/1&#8243;][rev_slider_vc alias=&#8221;default&#8221;][\/vc_column][vc_column][\/vc_column][vc_column title=&#8221;&#8220;YouTube&#8221; src=&#8221;&#8220;https:\/\/www.youtube.com\/embed\/tKrJ-ij7W7w?si=zt901_hcs73LAkx8&#8220;&#8221; width=&#8221;&#8220;560&#8220;&#8221; height=&#8221;&#8220;315&#8220;&#8221; frameborder=&#8221;&#8220;0&#8220;&#8221;][\/vc_column][\/vc_row][vc_row type=&#8221;full_width_section&#8221; class=&#8221;ancre&#8221; row_id=&#8221;nous&#8221; bg_position=&#8221;left top&#8221;][vc_column width=&#8221;1\/1&#8243;][\/vc_column][\/vc_row][vc_row top_padding=&#8221;50&#8243; bg_position=&#8221;left top&#8221;][vc_column width=&#8221;2\/3&#8243;]<div class=\"iconbox  wpb_content_element iconbox-style-2 icon-color-accent color-dark clearfix\"><div class=\"iconbox-icon\"><i class=\"fa fa-address-book boxicon\" style=\"\"><\/i><\/div><div class=\"iconbox-content\"><h3>Le Cabinet Wired<\/h3><p><span style=\"font-weight: 400;\">Le cabinet Wired se consacre \u00e0 des missions d\u2019expertise-comptable et d\u2019audit aupr\u00e8s de petites et moyennes entreprises, essentiellement :<\/span><\/p>\n<ul>\n<li style=\"font-weight: 400;\"><span style=\"font-weight: 400;\">dans le secteur musical et les environnements connexes, pour lequel il a acquis une notori\u00e9t\u00e9 certaine,<\/span><\/li>\n<li style=\"font-weight: 400;\"><span style=\"font-weight: 400;\">dans les secteurs de la communication, de la publicit\u00e9 et de l\u2019\u00e9v\u00e9nementiel.<\/span><\/li>\n<\/ul>\n<\/p><\/div><\/div>[\/vc_column][vc_column width=&#8221;1\/3&#8243;][\/vc_column][\/vc_row][vc_row bottom_padding=&#8221;80&#8243; row_id=&#8221;industrie&#8221; bg_position=&#8221;left top&#8221;][vc_column width=&#8221;1\/1&#8243;][vc_column_text]<\/p>\n<h6><strong>Le cabinet Wired, sp\u00e9cialiste de l&#8217;industrie musicale et des activit\u00e9s connexes, reste un prestataire g\u00e9n\u00e9raliste.<\/strong><\/h6>\n<p>Notre \u00e9quipe est \u00e0 taille humaine et se compose actuellement de 15 personnes : 2 experts-comptables, 3 expert-comptable stagiaires, 8 collaborateurs, 1 sp\u00e9cialiste royaut\u00e9s et subventions et 1 assistante juridique.[\/vc_column_text][\/vc_column][\/vc_row][vc_row bg_color=&#8221;#222222&#8243; text_color=&#8221;light&#8221; top_padding=&#8221;50&#8243; bottom_padding=&#8221;50&#8243; bg_position=&#8221;center center&#8221;][vc_column width=&#8221;1\/3&#8243;]<div class=\"counter clearfix wpb_content_element\"><div class=\"counter-number\" style=\"color: #ffffff !important;\">15<\/div><span class=\"counter-title\">Personnes<\/span><\/div>[\/vc_column][vc_column width=&#8221;1\/3&#8243;]<div class=\"counter clearfix wpb_content_element\"><div class=\"counter-number\" style=\"color: #ffffff !important;\">450<\/div><span class=\"counter-title\">Clients<\/span><\/div>[\/vc_column][vc_column width=&#8221;1\/3&#8243;]<div class=\"counter clearfix wpb_content_element\"><div class=\"counter-number\" style=\"color: #ffffff !important;\">650<\/div><span class=\"counter-title\">Dossiers trait\u00e9s<\/span><\/div>[\/vc_column][\/vc_row][vc_row][vc_column width=&#8221;1\/1&#8243;][vc_empty_space height=&#8221;40px&#8221;]<div class=\"latest-blog horizontal clearfix\"><div class=\"latest-blog-list horizontal vc_col-sm-4 clearfix wpb_content_element\">\n\t\t\t\t\t\t\t<div class=\"blog-list-item-thumb\"><a href=\"https:\/\/www.wiredcpa.com\/fr\/declaration-de-revenus-cest-pour-quand\/\" title=\"D\u00e9claration de revenus C&#8217;est pour quand ?\"><img src=\"\" alt=\"D\u00e9claration de revenus C&#8217;est pour quand ?\" \/><\/a><\/div>\n\t\t\t\t\t\t  \t<div class=\"blog-list-item-description\">\n\t\t\t\t\t\t\t\t<h3><a href=\"https:\/\/www.wiredcpa.com\/fr\/declaration-de-revenus-cest-pour-quand\/\" title=\"D\u00e9claration de revenus C&#8217;est pour quand ?\">D\u00e9claration de revenus C&#8217;est pour quand ?<\/a><\/h3>\n\t\t\t\t\t\t\t  \t<div class=\"blog-list-item-excerpt\">Selon nos informations obtenues aupr\u00e8s de l\u2019administration fiscale, le service de d\u00e9claration en ligne des revenus de 2025, utilis\u00e9 par la quasi-totalit\u00e9 des.. <a href=\"https:\/\/www.wiredcpa.com\/fr\/declaration-de-revenus-cest-pour-quand\/\">Read More &rarr;<\/a><\/div>\n\t\t\t\t\t\t\t<\/div>\n\t\t\t\t\t  \t<\/div><div class=\"latest-blog-list horizontal vc_col-sm-4 clearfix wpb_content_element\">\n\t\t\t\t\t\t\t<div class=\"blog-list-item-thumb\"><a href=\"https:\/\/www.wiredcpa.com\/fr\/facturation-electronique-attention-aux-nouvelles-sanctions-alourdies-en-cas-de-retard\/\" title=\"Facturation \u00e9lectronique : Attention aux nouvelles sanctions alourdies en cas de retard\"><img src=\"\" alt=\"Facturation \u00e9lectronique : Attention aux nouvelles sanctions alourdies en cas de retard\" \/><\/a><\/div>\n\t\t\t\t\t\t  \t<div class=\"blog-list-item-description\">\n\t\t\t\t\t\t\t\t<h3><a href=\"https:\/\/www.wiredcpa.com\/fr\/facturation-electronique-attention-aux-nouvelles-sanctions-alourdies-en-cas-de-retard\/\" title=\"Facturation \u00e9lectronique : Attention aux nouvelles sanctions alourdies en cas de retard\">Facturation \u00e9lectronique : Attention aux nouvelles sanctions alourdies en cas de retard<\/a><\/h3>\n\t\t\t\t\t\t\t  \t<div class=\"blog-list-item-excerpt\">Rappel du calendrier \u00c0 partir du 1er septembre 2026 :\u00a0 toutes les entreprises doivent \u00eatre en mesure de\u00a0recevoir des factures \u00e9lectroniques\u00a0; les grandes.. <a href=\"https:\/\/www.wiredcpa.com\/fr\/facturation-electronique-attention-aux-nouvelles-sanctions-alourdies-en-cas-de-retard\/\">Read More &rarr;<\/a><\/div>\n\t\t\t\t\t\t\t<\/div>\n\t\t\t\t\t  \t<\/div><div class=\"latest-blog-list horizontal vc_col-sm-4 clearfix wpb_content_element\">\n\t\t\t\t\t\t\t<div class=\"blog-list-item-thumb\"><a href=\"https:\/\/www.wiredcpa.com\/fr\/budget-2026-cvae-gelee-surtaxe-is-maintenue-dutreil-la-hausse-de-la-fiscalite-se-confirme\/\" title=\"Budget 2026 : CVAE gel\u00e9e, surtaxe IS maintenue, Dutreil&#8230;  La hausse de la fiscalit\u00e9 se confirme !\"><img src=\"\" alt=\"Budget 2026 : CVAE gel\u00e9e, surtaxe IS maintenue, Dutreil&#8230;  La hausse de la fiscalit\u00e9 se confirme !\" \/><\/a><\/div>\n\t\t\t\t\t\t  \t<div class=\"blog-list-item-description\">\n\t\t\t\t\t\t\t\t<h3><a href=\"https:\/\/www.wiredcpa.com\/fr\/budget-2026-cvae-gelee-surtaxe-is-maintenue-dutreil-la-hausse-de-la-fiscalite-se-confirme\/\" title=\"Budget 2026 : CVAE gel\u00e9e, surtaxe IS maintenue, Dutreil&#8230;  La hausse de la fiscalit\u00e9 se confirme !\">Budget 2026 : CVAE gel\u00e9e, surtaxe IS maintenue, Dutreil&#8230;  La hausse de la fiscalit\u00e9 se confirme !<\/a><\/h3>\n\t\t\t\t\t\t\t  \t<div class=\"blog-list-item-excerpt\">CVAE : baisse annul\u00e9e en 2026 et suppression renvoy\u00e9e \u00e0 2030 La promesse d&#8217;une suppression rapide de la\u00a0Cotisation sur la Valeur Ajout\u00e9e des.. <a href=\"https:\/\/www.wiredcpa.com\/fr\/budget-2026-cvae-gelee-surtaxe-is-maintenue-dutreil-la-hausse-de-la-fiscalite-se-confirme\/\">Read More &rarr;<\/a><\/div>\n\t\t\t\t\t\t\t<\/div>\n\t\t\t\t\t  \t<\/div><\/div>[\/vc_column][\/vc_row][vc_row bg_color=&#8221;#ffffff&#8221; bottom_padding=&#8221;80&#8243; row_id=&#8221;industrie&#8221; bg_position=&#8221;left top&#8221;][vc_column bg_color=&#8221;#d39a4f&#8221; column_padding=&#8221;padding-5&#8243; text_color=&#8221;light&#8221; width=&#8221;1\/1&#8243;][vc_column_text]<\/p>\n<h6>MISSIONS<\/h6>\n<h2><strong>Les plus de Wired<\/strong><\/h2>\n<p><strong>Faire en sorte que votre comptabilit\u00e9, et plus g\u00e9n\u00e9ralement vos obligations administratives, ne soient pas ou plus une corv\u00e9e.<\/strong><\/p>\n<ul>\n<li style=\"font-weight: 400;\"><span style=\"font-weight: 400;\">Nous nous attachons \u00e0 \u00e9viter les d\u00e9fauts trop souvent caract\u00e9ristiques de notre profession (disponibilit\u00e9, d\u00e9lais\u2026).<\/span><\/li>\n<li style=\"font-weight: 400;\"><span style=\"font-weight: 400;\">Nous ma\u00eetrisons parfaitement et utilisons quotidiennement depuis de nombreuses ann\u00e9es les nouvelles technologies de l\u2019informations,<\/span><\/li>\n<li style=\"font-weight: 400;\"><span style=\"font-weight: 400;\">Nous ne pr\u00e9tendons pas tout savoir faire et vous orientons d\u00e8s que n\u00e9cessaire vers des professionnels confirm\u00e9s de m\u00e9tiers compl\u00e9mentaires (avocats, assureurs, banquiers, informaticiens, conseils en transmission d\u2019entreprise, formateurs\u2026) dont nous avons eu l\u2019occasion de confirmer la pertinence sur le terrain,<\/span><\/li>\n<li style=\"font-weight: 400;\"><span style=\"font-weight: 400;\">Le co\u00fbt de notre intervention est ma\u00eetris\u00e9 et transparent.<\/span><\/li>\n<\/ul>\n<p><strong>Et m\u00eame vous prouver que votre comptabilit\u00e9 peut vous apporter une aide pr\u00e9cieuse\u2026<\/strong><\/p>\n<ul>\n<li style=\"font-weight: 400;\"><span style=\"font-weight: 400;\">Int\u00e9gration \u00e0 la comptabilit\u00e9 et prise en charge des points \u00ab\u00a0qui vous emp\u00eachent de dormir\u00a0\u00bb (tr\u00e9sorerie, recouvrement client, ma\u00eetrise de la rentabilit\u00e9\u2026)<\/span><\/li>\n<li style=\"font-weight: 400;\"><span style=\"font-weight: 400;\">Contr\u00f4le de gestion : un minimum d\u2019approche pr\u00e9visionnelle sur mesure est le facteur clef de succ\u00e8s de votre entreprise quelque soit sa taille<\/span><\/li>\n<li style=\"font-weight: 400;\"><span style=\"font-weight: 400;\">Recherche de financement : n\u00e9gociation des conditions bancaires, emprunts, soci\u00e9t\u00e9s d\u2019investissements\u2026<\/span><\/li>\n<li style=\"font-weight: 400;\"><span style=\"font-weight: 400;\">Sans oublier bien s\u00fbr votre situation personnelle en tant qu\u2019associ\u00e9 et\/ou dirigeant<\/span><\/li>\n<\/ul>\n<p>[\/vc_column_text][\/vc_column][\/vc_row][vc_row][vc_column width=&#8221;1\/1&#8243;]<div class=\"video-embed  wpb_content_element\"><iframe title=\"Vincent pr\u00e9sente Wired, le cabinet d&#039;expertise comptable des professionnels de la musique\" width=\"1161\" height=\"653\" src=\"https:\/\/www.youtube.com\/embed\/Sfcjdt_yEAU?feature=oembed\" frameborder=\"0\" allow=\"accelerometer; autoplay; clipboard-write; encrypted-media; gyroscope; picture-in-picture; web-share\" referrerpolicy=\"strict-origin-when-cross-origin\" allowfullscreen><\/iframe><\/div>[\/vc_column][\/vc_row]<\/p>\n","protected":false},"excerpt":{"rendered":"<p>[vc_row type=&#8221;full_width_section&#8221; row_id=&#8221;#top&#8221; bg_position=&#8221;left top&#8221;][vc_column width=&#8221;1\/1&#8243;][rev_slider_vc alias=&#8221;default&#8221;][\/vc_column][vc_column][\/vc_column][vc_column title=&#8221;&#8220;YouTube&#8221; src=&#8221;&#8220;https:\/\/www.youtube.com\/embed\/tKrJ-ij7W7w?si=zt901_hcs73LAkx8&#8220;&#8221; width=&#8221;&#8220;560&#8220;&#8221; height=&#8221;&#8220;315&#8220;&#8221; frameborder=&#8221;&#8220;0&#8220;&#8221;][\/vc_column][\/vc_row][vc_row type=&#8221;full_width_section&#8221; class=&#8221;ancre&#8221; row_id=&#8221;nous&#8221; bg_position=&#8221;left top&#8221;][vc_column width=&#8221;1\/1&#8243;][\/vc_column][\/vc_row][vc_row top_padding=&#8221;50&#8243; bg_position=&#8221;left top&#8221;][vc_column width=&#8221;2\/3&#8243;][\/vc_column][vc_column width=&#8221;1\/3&#8243;][\/vc_column][\/vc_row][vc_row bottom_padding=&#8221;80&#8243; row_id=&#8221;industrie&#8221; bg_position=&#8221;left top&#8221;][vc_column width=&#8221;1\/1&#8243;][vc_column_text] Le cabinet Wired, sp\u00e9cialiste de l&#8217;industrie musicale et des activit\u00e9s connexes, reste un prestataire g\u00e9n\u00e9raliste. Notre \u00e9quipe est \u00e0 taille humaine et se compose actuellement de 15 personnes : 2 experts-comptables, 3 expert-comptable stagiaires, 8 collaborateurs, 1 sp\u00e9cialiste royaut\u00e9s et subventions et 1 assistante juridique.[\/vc_column_text][\/vc_column][\/vc_row][vc_row bg_color=&#8221;#222222&#8243; text_color=&#8221;light&#8221; top_padding=&#8221;50&#8243; bottom_padding=&#8221;50&#8243; bg_position=&#8221;center center&#8221;][vc_column width=&#8221;1\/3&#8243;][\/vc_column][vc_column width=&#8221;1\/3&#8243;][\/vc_column][vc_column width=&#8221;1\/3&#8243;][\/vc_column][\/vc_row][vc_row][vc_column width=&#8221;1\/1&#8243;][vc_empty_space height=&#8221;40px&#8221;][\/vc_column][\/vc_row][vc_row bg_color=&#8221;#ffffff&#8221; bottom_padding=&#8221;80&#8243; row_id=&#8221;industrie&#8221; bg_position=&#8221;left top&#8221;][vc_column bg_color=&#8221;#d39a4f&#8221; column_padding=&#8221;padding-5&#8243; text_color=&#8221;light&#8221; width=&#8221;1\/1&#8243;][vc_column_text] MISSIONS Les plus de Wired Faire en sorte que votre comptabilit\u00e9, et plus g\u00e9n\u00e9ralement vos obligations administratives, ne soient pas ou plus une corv\u00e9e. Nous nous attachons \u00e0 \u00e9viter les d\u00e9fauts trop souvent caract\u00e9ristiques de notre profession (disponibilit\u00e9, d\u00e9lais\u2026). Nous ma\u00eetrisons parfaitement et utilisons quotidiennement depuis de nombreuses ann\u00e9es les nouvelles technologies de l\u2019informations, Nous ne pr\u00e9tendons pas tout savoir faire et vous orientons d\u00e8s que n\u00e9cessaire vers des professionnels confirm\u00e9s de m\u00e9tiers compl\u00e9mentaires (avocats, assureurs, banquiers, informaticiens, conseils en transmission d\u2019entreprise, formateurs\u2026) dont nous avons eu l\u2019occasion de confirmer la pertinence sur le terrain, Le co\u00fbt de notre intervention est ma\u00eetris\u00e9 et transparent. Et m\u00eame vous [&hellip;]<\/p>\n","protected":false},"author":1,"featured_media":0,"parent":0,"menu_order":0,"comment_status":"closed","ping_status":"closed","template":"","meta":[],"yoast_head":"<!-- This site is optimized with the Yoast SEO plugin v18.4.1 - https:\/\/yoast.com\/wordpress\/plugins\/seo\/ -->\n<title>Wired : cabinet comptable \u2013 Musique, Labels &amp; Artistes<\/title>\n<meta name=\"description\" content=\"Wired, cabinet d\u2019expertise-comptable, d\u2019audit et de conseils, sp\u00e9cialis\u00e9 dans le secteur musical et les environnements connexes (\u00e9v\u00e9nementiel)\" \/>\n<meta name=\"robots\" content=\"index, follow, max-snippet:-1, max-image-preview:large, max-video-preview:-1\" \/>\n<link rel=\"canonical\" href=\"https:\/\/www.wiredcpa.com\/fr\/\" \/>\n<meta property=\"og:locale\" content=\"fr_FR\" \/>\n<meta property=\"og:type\" content=\"article\" \/>\n<meta property=\"og:title\" content=\"Wired : cabinet comptable \u2013 Musique, Labels &amp; Artistes\" \/>\n<meta property=\"og:description\" content=\"Wired, cabinet d\u2019expertise-comptable, d\u2019audit et de conseils, sp\u00e9cialis\u00e9 dans le secteur musical et les environnements connexes (\u00e9v\u00e9nementiel)\" \/>\n<meta property=\"og:url\" content=\"https:\/\/www.wiredcpa.com\/fr\/\" \/>\n<meta property=\"og:site_name\" content=\"Wired\" \/>\n<meta property=\"article:publisher\" content=\"https:\/\/www.facebook.com\/wiredcpa\/\" \/>\n<meta property=\"article:modified_time\" content=\"2025-09-01T14:10:39+00:00\" \/>\n<meta property=\"og:image\" content=\"https:\/\/www.wiredcpa.com\/wp-content\/uploads\/2020\/12\/wired-compta-musique.png\" \/>\n\t<meta property=\"og:image:width\" content=\"2363\" \/>\n\t<meta property=\"og:image:height\" content=\"708\" \/>\n\t<meta property=\"og:image:type\" content=\"image\/png\" \/>\n<meta name=\"twitter:card\" content=\"summary_large_image\" \/>\n<script type=\"application\/ld+json\" class=\"yoast-schema-graph\">{\"@context\":\"https:\/\/schema.org\",\"@graph\":[{\"@type\":\"Organization\",\"@id\":\"https:\/\/www.wiredcpa.com\/fr\/#organization\",\"name\":\"Wired Expertise Comptable - Musique, Label & Artistes\",\"url\":\"https:\/\/www.wiredcpa.com\/fr\/\",\"sameAs\":[\"https:\/\/www.facebook.com\/wiredcpa\/\"],\"logo\":{\"@type\":\"ImageObject\",\"@id\":\"https:\/\/www.wiredcpa.com\/fr\/#logo\",\"inLanguage\":\"fr-FR\",\"url\":\"https:\/\/www.wiredcpa.com\/wp-content\/uploads\/2020\/12\/wired-compta-musique.png\",\"contentUrl\":\"https:\/\/www.wiredcpa.com\/wp-content\/uploads\/2020\/12\/wired-compta-musique.png\",\"width\":2363,\"height\":708,\"caption\":\"Wired Expertise Comptable - Musique, Label & Artistes\"},\"image\":{\"@id\":\"https:\/\/www.wiredcpa.com\/fr\/#logo\"}},{\"@type\":\"WebSite\",\"@id\":\"https:\/\/www.wiredcpa.com\/fr\/#website\",\"url\":\"https:\/\/www.wiredcpa.com\/fr\/\",\"name\":\"Wired\",\"description\":\"Business sounds better with us\",\"publisher\":{\"@id\":\"https:\/\/www.wiredcpa.com\/fr\/#organization\"},\"potentialAction\":[{\"@type\":\"SearchAction\",\"target\":{\"@type\":\"EntryPoint\",\"urlTemplate\":\"https:\/\/www.wiredcpa.com\/fr\/?s={search_term_string}\"},\"query-input\":\"required name=search_term_string\"}],\"inLanguage\":\"fr-FR\"},{\"@type\":\"WebPage\",\"@id\":\"https:\/\/www.wiredcpa.com\/fr\/#webpage\",\"url\":\"https:\/\/www.wiredcpa.com\/fr\/\",\"name\":\"Wired : cabinet comptable \u2013 Musique, Labels & Artistes\",\"isPartOf\":{\"@id\":\"https:\/\/www.wiredcpa.com\/fr\/#website\"},\"datePublished\":\"2019-01-05T12:26:38+00:00\",\"dateModified\":\"2025-09-01T14:10:39+00:00\",\"description\":\"Wired, cabinet d\u2019expertise-comptable, d\u2019audit et de conseils, sp\u00e9cialis\u00e9 dans le secteur musical et les environnements connexes (\u00e9v\u00e9nementiel)\",\"breadcrumb\":{\"@id\":\"https:\/\/www.wiredcpa.com\/fr\/#breadcrumb\"},\"inLanguage\":\"fr-FR\",\"potentialAction\":[{\"@type\":\"ReadAction\",\"target\":[\"https:\/\/www.wiredcpa.com\/fr\/\"]}]},{\"@type\":\"BreadcrumbList\",\"@id\":\"https:\/\/www.wiredcpa.com\/fr\/#breadcrumb\",\"itemListElement\":[{\"@type\":\"ListItem\",\"position\":1,\"name\":\"Accueil\",\"item\":\"https:\/\/www.wiredcpa.com\/fr\/\"},{\"@type\":\"ListItem\",\"position\":2,\"name\":\"Home\"}]}]}<\/script>\n<!-- \/ Yoast SEO plugin. -->","yoast_head_json":{"title":"Wired : cabinet comptable \u2013 Musique, Labels & Artistes","description":"Wired, cabinet d\u2019expertise-comptable, d\u2019audit et de conseils, sp\u00e9cialis\u00e9 dans le secteur musical et les environnements connexes (\u00e9v\u00e9nementiel)","robots":{"index":"index","follow":"follow","max-snippet":"max-snippet:-1","max-image-preview":"max-image-preview:large","max-video-preview":"max-video-preview:-1"},"canonical":"https:\/\/www.wiredcpa.com\/fr\/","og_locale":"fr_FR","og_type":"article","og_title":"Wired : cabinet comptable \u2013 Musique, Labels & Artistes","og_description":"Wired, cabinet d\u2019expertise-comptable, d\u2019audit et de conseils, sp\u00e9cialis\u00e9 dans le secteur musical et les environnements connexes (\u00e9v\u00e9nementiel)","og_url":"https:\/\/www.wiredcpa.com\/fr\/","og_site_name":"Wired","article_publisher":"https:\/\/www.facebook.com\/wiredcpa\/","article_modified_time":"2025-09-01T14:10:39+00:00","og_image":[{"width":2363,"height":708,"url":"https:\/\/www.wiredcpa.com\/wp-content\/uploads\/2020\/12\/wired-compta-musique.png","type":"image\/png"}],"twitter_card":"summary_large_image","schema":{"@context":"https:\/\/schema.org","@graph":[{"@type":"Organization","@id":"https:\/\/www.wiredcpa.com\/fr\/#organization","name":"Wired Expertise Comptable - Musique, Label & Artistes","url":"https:\/\/www.wiredcpa.com\/fr\/","sameAs":["https:\/\/www.facebook.com\/wiredcpa\/"],"logo":{"@type":"ImageObject","@id":"https:\/\/www.wiredcpa.com\/fr\/#logo","inLanguage":"fr-FR","url":"https:\/\/www.wiredcpa.com\/wp-content\/uploads\/2020\/12\/wired-compta-musique.png","contentUrl":"https:\/\/www.wiredcpa.com\/wp-content\/uploads\/2020\/12\/wired-compta-musique.png","width":2363,"height":708,"caption":"Wired Expertise Comptable - Musique, Label & Artistes"},"image":{"@id":"https:\/\/www.wiredcpa.com\/fr\/#logo"}},{"@type":"WebSite","@id":"https:\/\/www.wiredcpa.com\/fr\/#website","url":"https:\/\/www.wiredcpa.com\/fr\/","name":"Wired","description":"Business sounds better with us","publisher":{"@id":"https:\/\/www.wiredcpa.com\/fr\/#organization"},"potentialAction":[{"@type":"SearchAction","target":{"@type":"EntryPoint","urlTemplate":"https:\/\/www.wiredcpa.com\/fr\/?s={search_term_string}"},"query-input":"required name=search_term_string"}],"inLanguage":"fr-FR"},{"@type":"WebPage","@id":"https:\/\/www.wiredcpa.com\/fr\/#webpage","url":"https:\/\/www.wiredcpa.com\/fr\/","name":"Wired : cabinet comptable \u2013 Musique, Labels & Artistes","isPartOf":{"@id":"https:\/\/www.wiredcpa.com\/fr\/#website"},"datePublished":"2019-01-05T12:26:38+00:00","dateModified":"2025-09-01T14:10:39+00:00","description":"Wired, cabinet d\u2019expertise-comptable, d\u2019audit et de conseils, sp\u00e9cialis\u00e9 dans le secteur musical et les environnements connexes (\u00e9v\u00e9nementiel)","breadcrumb":{"@id":"https:\/\/www.wiredcpa.com\/fr\/#breadcrumb"},"inLanguage":"fr-FR","potentialAction":[{"@type":"ReadAction","target":["https:\/\/www.wiredcpa.com\/fr\/"]}]},{"@type":"BreadcrumbList","@id":"https:\/\/www.wiredcpa.com\/fr\/#breadcrumb","itemListElement":[{"@type":"ListItem","position":1,"name":"Accueil","item":"https:\/\/www.wiredcpa.com\/fr\/"},{"@type":"ListItem","position":2,"name":"Home"}]}]}},"_links":{"self":[{"href":"https:\/\/www.wiredcpa.com\/fr\/wp-json\/wp\/v2\/pages\/303"}],"collection":[{"href":"https:\/\/www.wiredcpa.com\/fr\/wp-json\/wp\/v2\/pages"}],"about":[{"href":"https:\/\/www.wiredcpa.com\/fr\/wp-json\/wp\/v2\/types\/page"}],"author":[{"embeddable":true,"href":"https:\/\/www.wiredcpa.com\/fr\/wp-json\/wp\/v2\/users\/1"}],"replies":[{"embeddable":true,"href":"https:\/\/www.wiredcpa.com\/fr\/wp-json\/wp\/v2\/comments?post=303"}],"version-history":[{"count":24,"href":"https:\/\/www.wiredcpa.com\/fr\/wp-json\/wp\/v2\/pages\/303\/revisions"}],"predecessor-version":[{"id":1234,"href":"https:\/\/www.wiredcpa.com\/fr\/wp-json\/wp\/v2\/pages\/303\/revisions\/1234"}],"wp:attachment":[{"href":"https:\/\/www.wiredcpa.com\/fr\/wp-json\/wp\/v2\/media?parent=303"}],"curies":[{"name":"wp","href":"https:\/\/api.w.org\/{rel}","templated":true}]}}