{"id":413,"date":"2019-01-05T13:26:38","date_gmt":"2019-01-05T12:26:38","guid":{"rendered":"https:\/\/www.wiredcpa.com\/?page_id=413"},"modified":"2022-03-30T11:41:12","modified_gmt":"2022-03-30T10:41:12","slug":"home","status":"publish","type":"page","link":"https:\/\/www.wiredcpa.com\/en\/","title":{"rendered":"Home"},"content":{"rendered":"<p>[vc_row type=&#8221;full_width_section&#8221; row_id=&#8221;#top&#8221; bg_position=&#8221;left top&#8221;][vc_column width=&#8221;1\/1&#8243;][rev_slider_vc alias=&#8221;slider-en&#8221;][\/vc_column][\/vc_row][vc_row type=&#8221;full_width_section&#8221; class=&#8221;ancre&#8221; row_id=&#8221;nous&#8221; bg_position=&#8221;left top&#8221;][vc_column width=&#8221;1\/1&#8243;][\/vc_column][\/vc_row][vc_row top_padding=&#8221;50&#8243; bg_position=&#8221;left top&#8221;][vc_column width=&#8221;2\/3&#8243;]<div class=\"iconbox  wpb_content_element iconbox-style-2 icon-color-accent color-dark clearfix\"><div class=\"iconbox-icon\"><i class=\"fa fa-address-book boxicon\" style=\"\"><\/i><\/div><div class=\"iconbox-content\"><h3>Presentation<\/h3><p><span style=\"font-weight: 400;\">Wired was established in 1998. Wired is dedicated to auditing and auditing engagements for small and medium-sized businesses, primarily:<\/span><\/p>\n<ul>\n<li style=\"font-weight: 400;\"><span style=\"font-weight: 400;\">in the music industry and related environments, for which it has gained awareness,<\/span><\/li>\n<li style=\"font-weight: 400;\"><span style=\"font-weight: 400;\">in the areas of communication, advertising and events.<\/span><\/li>\n<\/ul>\n<\/p><\/div><\/div>[\/vc_column][vc_column width=&#8221;1\/3&#8243;][\/vc_column][\/vc_row][vc_row section_arrow=&#8221;false&#8221; top_padding=&#8221;20&#8243; bottom_padding=&#8221;100&#8243; bg_position=&#8221;left top&#8221;][vc_column width=&#8221;1\/3&#8243;]<div class=\"iconbox  wpb_content_element iconbox-style-2 icon-color-accent color-dark clearfix\"><div class=\"iconbox-icon\"><i class=\"fa fa-comment boxicon\" style=\"\"><\/i><\/div><div class=\"iconbox-content\"><h3>Communications<\/h3><p><\/p><\/div><\/div>[\/vc_column][vc_column width=&#8221;1\/3&#8243;]<div class=\"iconbox  wpb_content_element iconbox-style-2 icon-color-accent color-dark clearfix\"><div class=\"iconbox-icon\"><i class=\"fa fa-calendar boxicon\" style=\"\"><\/i><\/div><div class=\"iconbox-content\"><h3>Event<\/h3><p><\/p><\/div><\/div>[\/vc_column][vc_column width=&#8221;1\/3&#8243;]<div class=\"iconbox  wpb_content_element iconbox-style-2 icon-color-accent color-dark clearfix\"><div class=\"iconbox-icon\"><i class=\"fa fa-film boxicon\" style=\"\"><\/i><\/div><div class=\"iconbox-content\"><h3>Advertisement<\/h3><p><\/p><\/div><\/div>[\/vc_column][\/vc_row][vc_row bottom_padding=&#8221;80&#8243; row_id=&#8221;industrie&#8221; bg_position=&#8221;left top&#8221;][vc_column width=&#8221;1\/2&#8243;][vc_column_text]<\/p>\n<h6><strong>WIRED, SPECIALIST OF THE MUSIC INDUSTRY AND RELATED ACTIVITIES, REMAINS A GENERAL PROVIDER.<\/strong><\/h6>\n<p><span style=\"font-weight: 400;\">Wired is a human-sized company. The team currently consists of 14 people : 1 auditor, 6 case managers, 6 employees and 1 assistant.<\/span>[\/vc_column_text][\/vc_column][vc_column width=&#8221;1\/2&#8243;][\/vc_column][\/vc_row][vc_row bg_color=&#8221;#222222&#8243; text_color=&#8221;light&#8221; top_padding=&#8221;50&#8243; bottom_padding=&#8221;50&#8243; bg_position=&#8221;center center&#8221;][vc_column width=&#8221;1\/3&#8243;]<div class=\"counter clearfix wpb_content_element\"><div class=\"counter-number\" style=\"color: #ffffff !important;\">15<\/div><span class=\"counter-title\">COLLABORATORS<\/span><\/div>[\/vc_column][vc_column width=&#8221;1\/3&#8243;]<div class=\"counter clearfix wpb_content_element\"><div class=\"counter-number\" style=\"color: #ffffff !important;\">400<\/div><span class=\"counter-title\">ACTIVE CUSTOMERS<\/span><\/div>[\/vc_column][vc_column width=&#8221;1\/3&#8243;]<div class=\"counter clearfix wpb_content_element\"><div class=\"counter-number\" style=\"color: #ffffff !important;\">500<\/div><span class=\"counter-title\">CASES HANDLED<\/span><\/div>[\/vc_column][\/vc_row][vc_row bg_color=&#8221;#ffffff&#8221; bottom_padding=&#8221;80&#8243; row_id=&#8221;industrie&#8221; bg_position=&#8221;left top&#8221;][vc_column bg_color=&#8221;#d39a4f&#8221; column_padding=&#8221;padding-5&#8243; text_color=&#8221;light&#8221; width=&#8221;2\/3&#8243;][vc_column_text]<\/p>\n<h6>MISSIONS<\/h6>\n<h2><strong>The strengths of Wired<\/strong><\/h2>\n<p><strong>Making sure that your accounting, and more generally your administrative obligations, are not or more a chore.<\/strong><\/p>\n<ul>\n<li style=\"font-weight: 400;\"><span style=\"font-weight: 400;\">We strive to avoid the defects too often characteristic of our profession (availability, delays &#8230;).<\/span><\/li>\n<li style=\"font-weight: 400;\"><span style=\"font-weight: 400;\">We have a perfect command and have been using on a daily basis the new information technologies for many years,<\/span><\/li>\n<li style=\"font-weight: 400;\"><span style=\"font-weight: 400;\">We do not claim to know everything and we refer you as soon as necessary to confirmed professionals of complementary professions (lawyers, insurers, bankers, IT specialists, business transfer consultants, trainers &#8230;) whose we had the opportunity to confirm the relevance in the field,<\/span><\/li>\n<li style=\"font-weight: 400;\"><span style=\"font-weight: 400;\">The cost of our intervention is controlled and transparent.<\/span><\/li>\n<\/ul>\n<p><strong>And even proving to you that your bookkeeping can help you a lot&#8230;<\/strong><\/p>\n<ul>\n<li style=\"font-weight: 400;\"><span style=\"font-weight: 400;\">Integration with accounting and management of points &#8220;that keep you awake&#8221; (cash, customer recovery, control of profitability &#8230;)<\/span><\/li>\n<li style=\"font-weight: 400;\"><span style=\"font-weight: 400;\">Management control: a minimum of tailor-made forecasting is the key success factor of your company whatever its size<\/span><\/li>\n<li style=\"font-weight: 400;\"><span style=\"font-weight: 400;\">Financing research: negotiation of banking conditions, loans, investment companies&#8230;<\/span><\/li>\n<li style=\"font-weight: 400;\"><span style=\"font-weight: 400;\">Without forgetting, of course, your personal situation as a partner and \/ or manager<\/span><\/li>\n<\/ul>\n<p>[\/vc_column_text][\/vc_column][vc_column column_padding=&#8221;padding-4&#8243; width=&#8221;1\/3&#8243;][vc_empty_space height=&#8221;40px&#8221;]<div class=\"latest-blog vertical clearfix\"><div class=\"latest-blog-list  clearfix wpb_content_element\">\n\t\t\t\t\t\t\t<div class=\"blog-list-item-date\">18<span>Nov<\/span><\/div>\n\t\t\t\t\t\t  \t<div class=\"blog-list-item-description\">\n\t\t\t\t\t\t\t\t<h3><a href=\"https:\/\/www.wiredcpa.com\/en\/rejet-de-lamendement-visant-a-plafonner-les-depenses-des-artistes\/\" title=\"Rejet de l&#8217;amendement visant \u00e0 plafonner les d\u00e9penses des artistes\">Rejet de l&#8217;amendement visant \u00e0 plafonner les d\u00e9penses des artistes<\/a><\/h3>\n\t\t\t\t\t\t\t  \t<div class=\"blog-list-item-excerpt\">L&#8217;Assembl\u00e9e Nationale a rejet\u00e9 l\u2019amendement sur l\u2019introduction d\u2019un plafond de 73 369 \u20ac sur les d\u00e9penses fiscales des artistes lors de l\u2019examen en s\u00e9ance publique.. <a href=\"https:\/\/www.wiredcpa.com\/en\/rejet-de-lamendement-visant-a-plafonner-les-depenses-des-artistes\/\">Read More &rarr;<\/a><\/div>\n\t\t\t\t\t\t\t<\/div>\n\t\t\t\t\t  \t<\/div><div class=\"latest-blog-list  clearfix wpb_content_element\">\n\t\t\t\t\t\t\t<div class=\"blog-list-item-date\">13<span>Nov<\/span><\/div>\n\t\t\t\t\t\t  \t<div class=\"blog-list-item-description\">\n\t\t\t\t\t\t\t\t<h3><a href=\"https:\/\/www.wiredcpa.com\/en\/notre-application-bientot-deployee-chez-tous-nos-clients\/\" title=\"Notre application bient\u00f4t d\u00e9ploy\u00e9e chez tous nos clients\">Notre application bient\u00f4t d\u00e9ploy\u00e9e chez tous nos clients<\/a><\/h3>\n\t\t\t\t\t\t\t  \t<div class=\"blog-list-item-excerpt\">.. <a href=\"https:\/\/www.wiredcpa.com\/en\/notre-application-bientot-deployee-chez-tous-nos-clients\/\">Read More &rarr;<\/a><\/div>\n\t\t\t\t\t\t\t<\/div>\n\t\t\t\t\t  \t<\/div><\/div>[\/vc_column][\/vc_row]<\/p>\n","protected":false},"excerpt":{"rendered":"<p>[vc_row type=&#8221;full_width_section&#8221; row_id=&#8221;#top&#8221; bg_position=&#8221;left top&#8221;][vc_column width=&#8221;1\/1&#8243;][rev_slider_vc alias=&#8221;slider-en&#8221;][\/vc_column][\/vc_row][vc_row type=&#8221;full_width_section&#8221; class=&#8221;ancre&#8221; row_id=&#8221;nous&#8221; bg_position=&#8221;left top&#8221;][vc_column width=&#8221;1\/1&#8243;][\/vc_column][\/vc_row][vc_row top_padding=&#8221;50&#8243; bg_position=&#8221;left top&#8221;][vc_column width=&#8221;2\/3&#8243;][\/vc_column][vc_column width=&#8221;1\/3&#8243;][\/vc_column][\/vc_row][vc_row section_arrow=&#8221;false&#8221; top_padding=&#8221;20&#8243; bottom_padding=&#8221;100&#8243; bg_position=&#8221;left top&#8221;][vc_column width=&#8221;1\/3&#8243;][\/vc_column][vc_column width=&#8221;1\/3&#8243;][\/vc_column][vc_column width=&#8221;1\/3&#8243;][\/vc_column][\/vc_row][vc_row bottom_padding=&#8221;80&#8243; row_id=&#8221;industrie&#8221; bg_position=&#8221;left top&#8221;][vc_column width=&#8221;1\/2&#8243;][vc_column_text] WIRED, SPECIALIST OF THE MUSIC INDUSTRY AND RELATED ACTIVITIES, REMAINS A GENERAL PROVIDER. Wired is a human-sized company. The team currently consists of 14 people : 1 auditor, 6 case managers, 6 employees and 1 assistant.[\/vc_column_text][\/vc_column][vc_column width=&#8221;1\/2&#8243;][\/vc_column][\/vc_row][vc_row bg_color=&#8221;#222222&#8243; text_color=&#8221;light&#8221; top_padding=&#8221;50&#8243; bottom_padding=&#8221;50&#8243; bg_position=&#8221;center center&#8221;][vc_column width=&#8221;1\/3&#8243;][\/vc_column][vc_column width=&#8221;1\/3&#8243;][\/vc_column][vc_column width=&#8221;1\/3&#8243;][\/vc_column][\/vc_row][vc_row bg_color=&#8221;#ffffff&#8221; bottom_padding=&#8221;80&#8243; row_id=&#8221;industrie&#8221; bg_position=&#8221;left top&#8221;][vc_column bg_color=&#8221;#d39a4f&#8221; column_padding=&#8221;padding-5&#8243; text_color=&#8221;light&#8221; width=&#8221;2\/3&#8243;][vc_column_text] MISSIONS The strengths of Wired Making sure that your accounting, and more generally your administrative obligations, are not or more a chore. We strive to avoid the defects too often characteristic of our profession (availability, delays &#8230;). We have a perfect command and have been using on a daily basis the new information technologies for many years, We do not claim to know everything and we refer you as soon as necessary to confirmed professionals of complementary professions (lawyers, insurers, bankers, IT specialists, business transfer consultants, trainers &#8230;) whose we had the opportunity to confirm the relevance in the field, The cost of our intervention is controlled and transparent. And even proving to you [&hellip;]<\/p>\n","protected":false},"author":1,"featured_media":0,"parent":0,"menu_order":0,"comment_status":"closed","ping_status":"closed","template":"","meta":[],"yoast_head":"<!-- This site is optimized with the Yoast SEO plugin v18.4.1 - https:\/\/yoast.com\/wordpress\/plugins\/seo\/ -->\n<title>Wired: Accounting company and experts - Music, Labels &amp; Artists<\/title>\n<meta name=\"description\" content=\"Wired, an accounting, auditing and consulting firm specialising in the music sector and related environments (communication, events).\" \/>\n<meta name=\"robots\" content=\"index, follow, max-snippet:-1, max-image-preview:large, max-video-preview:-1\" \/>\n<link rel=\"canonical\" href=\"https:\/\/www.wiredcpa.com\/en\/\" \/>\n<meta property=\"og:locale\" content=\"en_US\" \/>\n<meta property=\"og:type\" content=\"article\" \/>\n<meta property=\"og:title\" content=\"Wired: Accounting company and experts - Music, Labels &amp; Artists\" \/>\n<meta property=\"og:description\" content=\"Wired, an accounting, auditing and consulting firm specialising in the music sector and related environments (communication, events).\" \/>\n<meta property=\"og:url\" content=\"https:\/\/www.wiredcpa.com\/en\/\" \/>\n<meta property=\"og:site_name\" content=\"Wired\" \/>\n<meta property=\"article:publisher\" content=\"https:\/\/www.facebook.com\/wiredcpa\/\" \/>\n<meta property=\"article:modified_time\" content=\"2022-03-30T10:41:12+00:00\" \/>\n<meta property=\"og:image\" content=\"https:\/\/www.wiredcpa.com\/wp-content\/uploads\/2020\/12\/wired-compta-musique.png\" \/>\n\t<meta property=\"og:image:width\" content=\"2363\" \/>\n\t<meta property=\"og:image:height\" content=\"708\" \/>\n\t<meta property=\"og:image:type\" content=\"image\/png\" \/>\n<meta name=\"twitter:card\" content=\"summary_large_image\" \/>\n<script type=\"application\/ld+json\" class=\"yoast-schema-graph\">{\"@context\":\"https:\/\/schema.org\",\"@graph\":[{\"@type\":\"Organization\",\"@id\":\"https:\/\/www.wiredcpa.com\/fr\/#organization\",\"name\":\"Wired Expertise Comptable - Musique, Label & Artistes\",\"url\":\"https:\/\/www.wiredcpa.com\/fr\/\",\"sameAs\":[\"https:\/\/www.facebook.com\/wiredcpa\/\"],\"logo\":{\"@type\":\"ImageObject\",\"@id\":\"https:\/\/www.wiredcpa.com\/fr\/#logo\",\"inLanguage\":\"en-US\",\"url\":\"https:\/\/www.wiredcpa.com\/wp-content\/uploads\/2020\/12\/wired-compta-musique.png\",\"contentUrl\":\"https:\/\/www.wiredcpa.com\/wp-content\/uploads\/2020\/12\/wired-compta-musique.png\",\"width\":2363,\"height\":708,\"caption\":\"Wired Expertise Comptable - Musique, Label & Artistes\"},\"image\":{\"@id\":\"https:\/\/www.wiredcpa.com\/fr\/#logo\"}},{\"@type\":\"WebSite\",\"@id\":\"https:\/\/www.wiredcpa.com\/fr\/#website\",\"url\":\"https:\/\/www.wiredcpa.com\/fr\/\",\"name\":\"Wired\",\"description\":\"Business sounds better with us\",\"publisher\":{\"@id\":\"https:\/\/www.wiredcpa.com\/fr\/#organization\"},\"potentialAction\":[{\"@type\":\"SearchAction\",\"target\":{\"@type\":\"EntryPoint\",\"urlTemplate\":\"https:\/\/www.wiredcpa.com\/fr\/?s={search_term_string}\"},\"query-input\":\"required name=search_term_string\"}],\"inLanguage\":\"en-US\"},{\"@type\":\"WebPage\",\"@id\":\"https:\/\/www.wiredcpa.com\/en\/#webpage\",\"url\":\"https:\/\/www.wiredcpa.com\/en\/\",\"name\":\"Wired: Accounting company and experts - Music, Labels & Artists\",\"isPartOf\":{\"@id\":\"https:\/\/www.wiredcpa.com\/fr\/#website\"},\"datePublished\":\"2019-01-05T12:26:38+00:00\",\"dateModified\":\"2022-03-30T10:41:12+00:00\",\"description\":\"Wired, an accounting, auditing and consulting firm specialising in the music sector and related environments (communication, events).\",\"breadcrumb\":{\"@id\":\"https:\/\/www.wiredcpa.com\/en\/#breadcrumb\"},\"inLanguage\":\"en-US\",\"potentialAction\":[{\"@type\":\"ReadAction\",\"target\":[\"https:\/\/www.wiredcpa.com\/en\/\"]}]},{\"@type\":\"BreadcrumbList\",\"@id\":\"https:\/\/www.wiredcpa.com\/en\/#breadcrumb\",\"itemListElement\":[{\"@type\":\"ListItem\",\"position\":1,\"name\":\"Accueil\",\"item\":\"https:\/\/www.wiredcpa.com\/en\/\"},{\"@type\":\"ListItem\",\"position\":2,\"name\":\"Home\"}]}]}<\/script>\n<!-- \/ Yoast SEO plugin. -->","yoast_head_json":{"title":"Wired: Accounting company and experts - Music, Labels & Artists","description":"Wired, an accounting, auditing and consulting firm specialising in the music sector and related environments (communication, events).","robots":{"index":"index","follow":"follow","max-snippet":"max-snippet:-1","max-image-preview":"max-image-preview:large","max-video-preview":"max-video-preview:-1"},"canonical":"https:\/\/www.wiredcpa.com\/en\/","og_locale":"en_US","og_type":"article","og_title":"Wired: Accounting company and experts - Music, Labels & Artists","og_description":"Wired, an accounting, auditing and consulting firm specialising in the music sector and related environments (communication, events).","og_url":"https:\/\/www.wiredcpa.com\/en\/","og_site_name":"Wired","article_publisher":"https:\/\/www.facebook.com\/wiredcpa\/","article_modified_time":"2022-03-30T10:41:12+00:00","og_image":[{"width":2363,"height":708,"url":"https:\/\/www.wiredcpa.com\/wp-content\/uploads\/2020\/12\/wired-compta-musique.png","type":"image\/png"}],"twitter_card":"summary_large_image","schema":{"@context":"https:\/\/schema.org","@graph":[{"@type":"Organization","@id":"https:\/\/www.wiredcpa.com\/fr\/#organization","name":"Wired Expertise Comptable - Musique, Label & Artistes","url":"https:\/\/www.wiredcpa.com\/fr\/","sameAs":["https:\/\/www.facebook.com\/wiredcpa\/"],"logo":{"@type":"ImageObject","@id":"https:\/\/www.wiredcpa.com\/fr\/#logo","inLanguage":"en-US","url":"https:\/\/www.wiredcpa.com\/wp-content\/uploads\/2020\/12\/wired-compta-musique.png","contentUrl":"https:\/\/www.wiredcpa.com\/wp-content\/uploads\/2020\/12\/wired-compta-musique.png","width":2363,"height":708,"caption":"Wired Expertise Comptable - Musique, Label & Artistes"},"image":{"@id":"https:\/\/www.wiredcpa.com\/fr\/#logo"}},{"@type":"WebSite","@id":"https:\/\/www.wiredcpa.com\/fr\/#website","url":"https:\/\/www.wiredcpa.com\/fr\/","name":"Wired","description":"Business sounds better with us","publisher":{"@id":"https:\/\/www.wiredcpa.com\/fr\/#organization"},"potentialAction":[{"@type":"SearchAction","target":{"@type":"EntryPoint","urlTemplate":"https:\/\/www.wiredcpa.com\/fr\/?s={search_term_string}"},"query-input":"required name=search_term_string"}],"inLanguage":"en-US"},{"@type":"WebPage","@id":"https:\/\/www.wiredcpa.com\/en\/#webpage","url":"https:\/\/www.wiredcpa.com\/en\/","name":"Wired: Accounting company and experts - Music, Labels & Artists","isPartOf":{"@id":"https:\/\/www.wiredcpa.com\/fr\/#website"},"datePublished":"2019-01-05T12:26:38+00:00","dateModified":"2022-03-30T10:41:12+00:00","description":"Wired, an accounting, auditing and consulting firm specialising in the music sector and related environments (communication, events).","breadcrumb":{"@id":"https:\/\/www.wiredcpa.com\/en\/#breadcrumb"},"inLanguage":"en-US","potentialAction":[{"@type":"ReadAction","target":["https:\/\/www.wiredcpa.com\/en\/"]}]},{"@type":"BreadcrumbList","@id":"https:\/\/www.wiredcpa.com\/en\/#breadcrumb","itemListElement":[{"@type":"ListItem","position":1,"name":"Accueil","item":"https:\/\/www.wiredcpa.com\/en\/"},{"@type":"ListItem","position":2,"name":"Home"}]}]}},"_links":{"self":[{"href":"https:\/\/www.wiredcpa.com\/en\/wp-json\/wp\/v2\/pages\/413"}],"collection":[{"href":"https:\/\/www.wiredcpa.com\/en\/wp-json\/wp\/v2\/pages"}],"about":[{"href":"https:\/\/www.wiredcpa.com\/en\/wp-json\/wp\/v2\/types\/page"}],"author":[{"embeddable":true,"href":"https:\/\/www.wiredcpa.com\/en\/wp-json\/wp\/v2\/users\/1"}],"replies":[{"embeddable":true,"href":"https:\/\/www.wiredcpa.com\/en\/wp-json\/wp\/v2\/comments?post=413"}],"version-history":[{"count":5,"href":"https:\/\/www.wiredcpa.com\/en\/wp-json\/wp\/v2\/pages\/413\/revisions"}],"predecessor-version":[{"id":961,"href":"https:\/\/www.wiredcpa.com\/en\/wp-json\/wp\/v2\/pages\/413\/revisions\/961"}],"wp:attachment":[{"href":"https:\/\/www.wiredcpa.com\/en\/wp-json\/wp\/v2\/media?parent=413"}],"curies":[{"name":"wp","href":"https:\/\/api.w.org\/{rel}","templated":true}]}}